{"id":5470,"date":"2025-01-07T10:36:40","date_gmt":"2025-01-07T10:36:40","guid":{"rendered":"https:\/\/idnafood.ma\/?page_id=5470"},"modified":"2025-01-07T15:35:45","modified_gmt":"2025-01-07T15:35:45","slug":"certifications-et-qualite","status":"publish","type":"page","link":"https:\/\/idnafood.ma\/en\/certifications-et-qualite\/","title":{"rendered":"Certifications and Quality"},"content":{"rendered":"<div data-elementor-type=\"wp-page\" data-elementor-id=\"5470\" class=\"elementor elementor-5470\" data-elementor-post-type=\"page\">\n\t\t\t\t<div class=\"elementor-element elementor-element-24e2495b elementor-hidden-desktop elementor-hidden-tablet e-flex e-con-boxed e-con e-parent\" data-id=\"24e2495b\" data-element_type=\"container\" data-settings=\"{&quot;background_background&quot;:&quot;classic&quot;}\">\n\t\t\t\t\t<div class=\"e-con-inner\">\n\t\t\t\t<div class=\"elementor-element elementor-element-210f40d5 elementor-widget elementor-widget-ms-hero\" data-id=\"210f40d5\" data-element_type=\"widget\" data-widget_type=\"ms-hero.default\">\n\t\t\t\t<div class=\"elementor-widget-container\">\n\t\t\t\t\t\r\n        <section class=\"ms-hero\" id=\"210f40d5\">\r\n\r\n            \r\n                            <div class=\"hero-image\"><\/div>\r\n            \r\n            \r\n                \r\n                \r\n            \r\n        <\/section>\r\n\r\n    \t\t\t\t<\/div>\n\t\t\t\t<\/div>\n\t\t\t\t\t<\/div>\n\t\t\t\t<\/div>\n\t\t<div class=\"elementor-element elementor-element-419ee387 e-con-full elementor-hidden-mobile e-flex e-con e-parent\" data-id=\"419ee387\" data-element_type=\"container\" data-settings=\"{&quot;background_background&quot;:&quot;classic&quot;}\">\n\t\t\t\t<div class=\"elementor-element elementor-element-b1010eb elementor-widget elementor-widget-ms-hero\" data-id=\"b1010eb\" data-element_type=\"widget\" data-settings=\"{&quot;video_end&quot;:70}\" data-widget_type=\"ms-hero.default\">\n\t\t\t\t<div class=\"elementor-widget-container\">\n\t\t\t\t\t\r\n        <section class=\"ms-hero\" id=\"b1010eb\">\r\n\r\n                            <div class=\"hero-overlay\"><\/div>\r\n            \r\n                            <div class=\"ms-parallax\" data-speed=\"0.9\" data-type=\"scroll\">\r\n\r\n                    \r\n                                            <div class=\"jarallax-img\" data-video-start-time=\"10\" data-video-end-time=\"70\" data-video-src=\"\"><\/div>\r\n                                    <\/div>\r\n            \r\n            \r\n                \r\n                \r\n            \r\n        <\/section>\r\n\r\n    \t\t\t\t<\/div>\n\t\t\t\t<\/div>\n\t\t\t\t<\/div>\n\t\t<div data-scroll=\"\" data-scroll-offset=\"20%,0\" data-scroll-speed=\"0.1\" class=\"elementor-element elementor-element-56544d14 yes 0.1 e-flex e-con-boxed e-con e-parent\" data-id=\"56544d14\" data-element_type=\"container\" data-settings=\"{&quot;background_background&quot;:&quot;classic&quot;}\">\n\t\t\t\t\t<div class=\"e-con-inner\">\n\t\t\t\t<div class=\"elementor-element elementor-element-1fe5f307 elementor-widget elementor-widget-spacer\" data-id=\"1fe5f307\" data-element_type=\"widget\" data-widget_type=\"spacer.default\">\n\t\t\t\t<div class=\"elementor-widget-container\">\n\t\t\t\t\t\t\t<div class=\"elementor-spacer\">\n\t\t\t<div class=\"elementor-spacer-inner\"><\/div>\n\t\t<\/div>\n\t\t\t\t\t\t<\/div>\n\t\t\t\t<\/div>\n\t\t\t\t<div class=\"elementor-element elementor-element-f0ef976 elementor-widget elementor-widget-ms_animated_headline\" data-id=\"f0ef976\" data-element_type=\"widget\" data-widget_type=\"ms_animated_headline.default\">\n\t\t\t\t<div class=\"elementor-widget-container\">\n\t\t\t\t\t\r\n        <div class=\"ms-ah-wrapper\">\r\n            <h1 class=\"content__title\" data-splitting data-effect6 data-scroll=\"on\">\r\n            \tCertifications and Quality            <\/h1>\r\n        <\/div>\r\n        \r\n    \t\t\t\t<\/div>\n\t\t\t\t<\/div>\n\t\t<div class=\"elementor-element elementor-element-210f1055 e-con-full e-flex no e-con e-child\" data-id=\"210f1055\" data-element_type=\"container\" data-settings=\"{&quot;background_background&quot;:&quot;classic&quot;}\">\n\t\t\t\t<div class=\"elementor-element elementor-element-7e1b0abe elementor-widget elementor-widget-text-editor\" data-id=\"7e1b0abe\" data-element_type=\"widget\" data-widget_type=\"text-editor.default\">\n\t\t\t\t<div class=\"elementor-widget-container\">\n\t\t\t\t\t\t\t\t\t<p>At IDNAFOOD, quality is more than just a commitment, it is the foundation of everything we do. We hold international certifications such as BRCGS Food V9, FDA, HALAL, KOSHER, ISO 9001, and ISO 22000, with additional certifications in preparation. These certifications ensure that our products meet the most stringent health, environmental, and industrial standards.<\/p><p>Every stage of our production process undergoes rigorous controls and continuous improvement to guarantee exemplary traceability and optimal customer satisfaction. Our pursuit of excellence drives us to constantly innovate, meeting the expectations of both local and international markets while maintaining the highest quality standards.<\/p>\t\t\t\t\t\t\t\t<\/div>\n\t\t\t\t<\/div>\n\t\t\t\t<div class=\"elementor-element elementor-element-5d415f12 elementor-skin-carousel elementor-pagination-type-bullets elementor-pagination-position-outside elementor-widget elementor-widget-media-carousel\" data-id=\"5d415f12\" data-element_type=\"widget\" data-settings=\"{&quot;slides_per_view&quot;:&quot;3&quot;,&quot;slides_per_view_mobile&quot;:&quot;3&quot;,&quot;speed&quot;:200,&quot;space_between_mobile&quot;:{&quot;unit&quot;:&quot;px&quot;,&quot;size&quot;:2,&quot;sizes&quot;:[]},&quot;autoplay_speed&quot;:2000,&quot;skin&quot;:&quot;carousel&quot;,&quot;effect&quot;:&quot;slide&quot;,&quot;pagination&quot;:&quot;bullets&quot;,&quot;autoplay&quot;:&quot;yes&quot;,&quot;loop&quot;:&quot;yes&quot;,&quot;pause_on_hover&quot;:&quot;yes&quot;,&quot;pause_on_interaction&quot;:&quot;yes&quot;,&quot;space_between&quot;:{&quot;unit&quot;:&quot;px&quot;,&quot;size&quot;:10,&quot;sizes&quot;:[]},&quot;space_between_tablet&quot;:{&quot;unit&quot;:&quot;px&quot;,&quot;size&quot;:10,&quot;sizes&quot;:[]}}\" data-widget_type=\"media-carousel.default\">\n\t\t\t\t<div class=\"elementor-widget-container\">\n\t\t\t\t\t\t\t\t\t<div class=\"elementor-swiper\">\n\t\t\t\t\t<div class=\"elementor-main-swiper swiper\" role=\"region\" aria-roledescription=\"carousel\" aria-label=\"Slides\">\n\t\t\t\t<div class=\"swiper-wrapper\">\n\t\t\t\t\t\t\t\t\t\t\t<div class=\"swiper-slide\" role=\"group\" aria-roledescription=\"slide\">\n\t\t\t\t\t\t\t\t\t<div class=\"elementor-carousel-image\" role=\"img\" aria-label=\"65e8a4b8707accb8f89d188f_BRCGS Food certified\" style=\"background-image: url(&#039;https:\/\/idnafood.ma\/wp-content\/uploads\/2025\/01\/65e8a4b8707accb8f89d188f_BRCGS-Food-certified.jpg&#039;)\">\n\n\t\t\t\n\t\t\t\t\t<\/div>\n\t\t\t\t\t\t\t\t<\/div>\n\t\t\t\t\t\t\t\t\t\t\t<div class=\"swiper-slide\" role=\"group\" aria-roledescription=\"slide\">\n\t\t\t\t\t\t\t\t\t<div class=\"elementor-carousel-image\" role=\"img\" aria-label=\"print-202768569\" style=\"background-image: url(&#039;https:\/\/idnafood.ma\/wp-content\/uploads\/2025\/01\/print-202768569.webp&#039;)\">\n\n\t\t\t\n\t\t\t\t\t<\/div>\n\t\t\t\t\t\t\t\t<\/div>\n\t\t\t\t\t\t\t\t\t\t\t<div class=\"swiper-slide\" role=\"group\" aria-roledescription=\"slide\">\n\t\t\t\t\t\t\t\t\t<div class=\"elementor-carousel-image\" role=\"img\" aria-label=\"Atlas-certification-halal\" style=\"background-image: url(&#039;https:\/\/idnafood.ma\/wp-content\/uploads\/2025\/01\/Atlas-certification-halal.webp&#039;)\">\n\n\t\t\t\n\t\t\t\t\t<\/div>\n\t\t\t\t\t\t\t\t<\/div>\n\t\t\t\t\t\t\t\t\t\t\t<div class=\"swiper-slide\" role=\"group\" aria-roledescription=\"slide\">\n\t\t\t\t\t\t\t\t\t<div class=\"elementor-carousel-image\" role=\"img\" aria-label=\"Ou_kosher.svg\" style=\"background-image: url(&#039;https:\/\/idnafood.ma\/wp-content\/uploads\/2025\/01\/Ou_kosher.svg.png&#039;)\">\n\n\t\t\t\n\t\t\t\t\t<\/div>\n\t\t\t\t\t\t\t\t<\/div>\n\t\t\t\t\t\t\t\t\t\t\t<div class=\"swiper-slide\" role=\"group\" aria-roledescription=\"slide\">\n\t\t\t\t\t\t\t\t\t<div class=\"elementor-carousel-image\" role=\"img\" aria-label=\"iso-9001-logo-236FB79836-seeklogo.com_\" style=\"background-image: url(&#039;https:\/\/idnafood.ma\/wp-content\/uploads\/2025\/01\/iso-9001-logo-236FB79836-seeklogo.com_.png&#039;)\">\n\n\t\t\t\n\t\t\t\t\t<\/div>\n\t\t\t\t\t\t\t\t<\/div>\n\t\t\t\t\t\t\t\t\t\t\t<div class=\"swiper-slide\" role=\"group\" aria-roledescription=\"slide\">\n\t\t\t\t\t\t\t\t\t<div class=\"elementor-carousel-image\" role=\"img\" aria-label=\"iso-22000-jpg-500x500\" style=\"background-image: url(&#039;https:\/\/idnafood.ma\/wp-content\/uploads\/2025\/01\/iso-22000-jpg-500x500-1.webp&#039;)\">\n\n\t\t\t\n\t\t\t\t\t<\/div>\n\t\t\t\t\t\t\t\t<\/div>\n\t\t\t\t\t\t\t\t\t<\/div>\n\t\t\t\t\t\t\t\t\t\t\t\t\t\t\t<div class=\"swiper-pagination\"><\/div>\n\t\t\t\t\t\t\t\t\t\t\t\t\t\t\t\t\t<\/div>\n\t\t\t\t<\/div>\n\t\t\t\t\t\t\t\t<\/div>\n\t\t\t\t<\/div>\n\t\t\t\t<\/div>\n\t\t\t\t\t<\/div>\n\t\t\t\t<\/div>\n\t\t\t\t<\/div>","protected":false},"excerpt":{"rendered":"<p>Certifications et qualit\u00e9 Chez IDNAFOOD, la qualit\u00e9 est bien plus qu&rsquo;un engagement, c&rsquo;est le fondement de toutes nos activit\u00e9s. Nous d\u00e9tenons des certifications internationales, [&hellip;]<\/p>","protected":false},"author":1,"featured_media":0,"parent":0,"menu_order":0,"comment_status":"closed","ping_status":"closed","template":"page-custom.php","meta":{"_acf_changed":false,"footnotes":""},"class_list":["post-5470","page","type-page","status-publish","hentry"],"acf":{"choi\u0441e_menu_page":"custom_menu_page","full_width":false,"header_transparent":true,"header_white":true,"menu_type_page":"default","menu_align_page":"right"},"_links":{"self":[{"href":"https:\/\/idnafood.ma\/en\/wp-json\/wp\/v2\/pages\/5470","targetHints":{"allow":["GET"]}}],"collection":[{"href":"https:\/\/idnafood.ma\/en\/wp-json\/wp\/v2\/pages"}],"about":[{"href":"https:\/\/idnafood.ma\/en\/wp-json\/wp\/v2\/types\/page"}],"author":[{"embeddable":true,"href":"https:\/\/idnafood.ma\/en\/wp-json\/wp\/v2\/users\/1"}],"replies":[{"embeddable":true,"href":"https:\/\/idnafood.ma\/en\/wp-json\/wp\/v2\/comments?post=5470"}],"version-history":[{"count":13,"href":"https:\/\/idnafood.ma\/en\/wp-json\/wp\/v2\/pages\/5470\/revisions"}],"predecessor-version":[{"id":5637,"href":"https:\/\/idnafood.ma\/en\/wp-json\/wp\/v2\/pages\/5470\/revisions\/5637"}],"wp:attachment":[{"href":"https:\/\/idnafood.ma\/en\/wp-json\/wp\/v2\/media?parent=5470"}],"curies":[{"name":"wp","href":"https:\/\/api.w.org\/{rel}","templated":true}]}}