{"id":4967,"date":"2024-12-26T18:13:46","date_gmt":"2024-12-26T18:13:46","guid":{"rendered":"https:\/\/idnafood.ma\/?page_id=4967"},"modified":"2025-01-07T17:13:48","modified_gmt":"2025-01-07T17:13:48","slug":"developpement-durable","status":"publish","type":"page","link":"https:\/\/idnafood.ma\/en\/developpement-durable\/","title":{"rendered":"D\u00e9veloppement Durable"},"content":{"rendered":"<div data-elementor-type=\"wp-page\" data-elementor-id=\"4967\" class=\"elementor elementor-4967\" data-elementor-post-type=\"page\">\n\t\t\t\t<div class=\"elementor-element elementor-element-28392b23 elementor-hidden-desktop elementor-hidden-tablet e-flex e-con-boxed e-con e-parent\" data-id=\"28392b23\" data-element_type=\"container\" data-settings=\"{&quot;background_background&quot;:&quot;classic&quot;}\">\n\t\t\t\t\t<div class=\"e-con-inner\">\n\t\t\t\t<div class=\"elementor-element elementor-element-305140fa elementor-widget elementor-widget-ms-hero\" data-id=\"305140fa\" data-element_type=\"widget\" data-widget_type=\"ms-hero.default\">\n\t\t\t\t<div class=\"elementor-widget-container\">\n\t\t\t\t\t\r\n        <section class=\"ms-hero\" id=\"305140fa\">\r\n\r\n            \r\n                            <div class=\"hero-image\"><\/div>\r\n            \r\n            \r\n                \r\n                    <div class=\"ms-hc\">\r\n                        <div class=\"ms-hc--inner\">\r\n                                                            <h1 class=\"ms-hero-title\">IDNAFOOD, <br>YOUR HEALTH GUARANTEE<\/h1>\r\n                                                                                <\/div>\r\n                    <\/div>\r\n\r\n                \r\n                \r\n            \r\n        <\/section>\r\n\r\n    \t\t\t\t<\/div>\n\t\t\t\t<\/div>\n\t\t\t\t\t<\/div>\n\t\t\t\t<\/div>\n\t\t<div class=\"elementor-element elementor-element-27ab602c e-con-full elementor-hidden-mobile e-flex e-con e-parent\" data-id=\"27ab602c\" data-element_type=\"container\" data-settings=\"{&quot;background_background&quot;:&quot;classic&quot;}\">\n\t\t\t\t<div class=\"elementor-element elementor-element-3ba62c1a elementor-widget elementor-widget-ms-hero\" data-id=\"3ba62c1a\" data-element_type=\"widget\" data-settings=\"{&quot;video_end&quot;:70}\" data-widget_type=\"ms-hero.default\">\n\t\t\t\t<div class=\"elementor-widget-container\">\n\t\t\t\t\t\r\n        <section class=\"ms-hero\" id=\"3ba62c1a\">\r\n\r\n                            <div class=\"hero-overlay\"><\/div>\r\n            \r\n                            <div class=\"ms-parallax\" data-speed=\"0.9\" data-type=\"scroll\">\r\n\r\n                    \r\n                                            <div class=\"jarallax-img\" data-video-start-time=\"10\" data-video-end-time=\"70\" data-video-src=\"\"><\/div>\r\n                                    <\/div>\r\n            \r\n            \r\n                \r\n                    <div class=\"ms-hc\">\r\n                        <div class=\"ms-hc--inner\">\r\n                                                            <h1 class=\"ms-hero-title\">IDNAFOOD, <br>YOUR HEALTH GUARANTEE<\/h1>\r\n                                                                                <\/div>\r\n                    <\/div>\r\n\r\n                \r\n                \r\n            \r\n        <\/section>\r\n\r\n    \t\t\t\t<\/div>\n\t\t\t\t<\/div>\n\t\t\t\t<\/div>\n\t\t<div data-scroll=\"\" data-scroll-offset=\"20%,0\" data-scroll-speed=\"0.1\" class=\"elementor-element elementor-element-eac2bf7 yes 0.1 e-flex e-con-boxed e-con e-parent\" data-id=\"eac2bf7\" data-element_type=\"container\" data-settings=\"{&quot;background_background&quot;:&quot;classic&quot;}\">\n\t\t\t\t\t<div class=\"e-con-inner\">\n\t\t\t\t<div class=\"elementor-element elementor-element-2a50327c elementor-widget elementor-widget-spacer\" data-id=\"2a50327c\" data-element_type=\"widget\" data-widget_type=\"spacer.default\">\n\t\t\t\t<div class=\"elementor-widget-container\">\n\t\t\t\t\t\t\t<div class=\"elementor-spacer\">\n\t\t\t<div class=\"elementor-spacer-inner\"><\/div>\n\t\t<\/div>\n\t\t\t\t\t\t<\/div>\n\t\t\t\t<\/div>\n\t\t\t\t<div class=\"elementor-element elementor-element-1f83f38 elementor-widget elementor-widget-ms_animated_headline\" data-id=\"1f83f38\" data-element_type=\"widget\" data-widget_type=\"ms_animated_headline.default\">\n\t\t\t\t<div class=\"elementor-widget-container\">\n\t\t\t\t\t\r\n        <div class=\"ms-ah-wrapper\">\r\n            <h1 class=\"content__title\" data-splitting data-effect6 data-scroll=\"on\">\r\n            \tHealth, Nutrition,<br>\nand Food Safety            <\/h1>\r\n        <\/div>\r\n        \r\n    \t\t\t\t<\/div>\n\t\t\t\t<\/div>\n\t\t<div class=\"elementor-element elementor-element-a467e53 e-con-full e-flex no e-con e-child\" data-id=\"a467e53\" data-element_type=\"container\" data-settings=\"{&quot;background_background&quot;:&quot;classic&quot;}\">\n\t\t\t\t<div class=\"elementor-element elementor-element-2377a70 elementor-widget elementor-widget-text-editor\" data-id=\"2377a70\" data-element_type=\"widget\" data-widget_type=\"text-editor.default\">\n\t\t\t\t<div class=\"elementor-widget-container\">\n\t\t\t\t\t\t\t\t\t<p>At IDNAFOOD, we firmly believe that food is at the core of a healthy and fulfilling life. This is why we are committed to playing an active role in improving the health and food safety of our consumers. Our products are meticulously crafted to deliver optimal nutritional benefits while meeting the strictest standards of food safety. Our goal is to provide food solutions that combine taste, quality, and well-being.<\/p>\t\t\t\t\t\t\t\t<\/div>\n\t\t\t\t<\/div>\n\t\t\t\t<\/div>\n\t\t\t\t<div class=\"elementor-element elementor-element-1ea732fe elementor-widget elementor-widget-spacer\" data-id=\"1ea732fe\" data-element_type=\"widget\" data-widget_type=\"spacer.default\">\n\t\t\t\t<div class=\"elementor-widget-container\">\n\t\t\t\t\t\t\t<div class=\"elementor-spacer\">\n\t\t\t<div class=\"elementor-spacer-inner\"><\/div>\n\t\t<\/div>\n\t\t\t\t\t\t<\/div>\n\t\t\t\t<\/div>\n\t\t\t\t\t<\/div>\n\t\t\t\t<\/div>\n\t\t<div class=\"elementor-element elementor-element-58bf1cfe e-con-full e-flex no e-con e-parent\" data-id=\"58bf1cfe\" data-element_type=\"container\" data-settings=\"{&quot;background_background&quot;:&quot;classic&quot;}\">\n\t\t\t\t<div class=\"elementor-element elementor-element-33ffc2ff elementor-widget elementor-widget-ms-hero\" data-id=\"33ffc2ff\" data-element_type=\"widget\" data-widget_type=\"ms-hero.default\">\n\t\t\t\t<div class=\"elementor-widget-container\">\n\t\t\t\t\t\r\n        <section class=\"ms-hero\" id=\"33ffc2ff\">\r\n\r\n            \r\n                            <div class=\"ms-parallax\" data-speed=\"0.8\" data-type=\"scroll\">\r\n\r\n                                            <img decoding=\"async\" class=\"jarallax-img\" src=\"https:\/\/idnafood.ma\/wp-content\/uploads\/2024\/12\/shutterstock_2506008011-scaled-e1735551824284.jpg\" alt=\"\">\r\n                    \r\n                                    <\/div>\r\n            \r\n            \r\n                \r\n                \r\n            \r\n        <\/section>\r\n\r\n    \t\t\t\t<\/div>\n\t\t\t\t<\/div>\n\t\t\t\t<\/div>\n\t\t<div data-scroll=\"\" data-scroll-offset=\"20%,0\" data-scroll-speed=\"0.1\" class=\"elementor-element elementor-element-50dd437a yes 0.1 e-flex e-con-boxed e-con e-parent\" data-id=\"50dd437a\" data-element_type=\"container\" data-settings=\"{&quot;background_background&quot;:&quot;classic&quot;}\">\n\t\t\t\t\t<div class=\"e-con-inner\">\n\t\t\t\t<div class=\"elementor-element elementor-element-4110977e elementor-widget elementor-widget-spacer\" data-id=\"4110977e\" data-element_type=\"widget\" data-widget_type=\"spacer.default\">\n\t\t\t\t<div class=\"elementor-widget-container\">\n\t\t\t\t\t\t\t<div class=\"elementor-spacer\">\n\t\t\t<div class=\"elementor-spacer-inner\"><\/div>\n\t\t<\/div>\n\t\t\t\t\t\t<\/div>\n\t\t\t\t<\/div>\n\t\t\t\t<div class=\"elementor-element elementor-element-187d9f1f elementor-widget elementor-widget-ms_animated_headline\" data-id=\"187d9f1f\" data-element_type=\"widget\" data-widget_type=\"ms_animated_headline.default\">\n\t\t\t\t<div class=\"elementor-widget-container\">\n\t\t\t\t\t\r\n        <div class=\"ms-ah-wrapper\">\r\n            <h1 class=\"content__title\" data-splitting data-effect6 data-scroll=\"on\">\r\n            \tEnvironmental Commitments            <\/h1>\r\n        <\/div>\r\n        \r\n    \t\t\t\t<\/div>\n\t\t\t\t<\/div>\n\t\t<div class=\"elementor-element elementor-element-589d0774 e-con-full e-flex no e-con e-child\" data-id=\"589d0774\" data-element_type=\"container\" data-settings=\"{&quot;background_background&quot;:&quot;classic&quot;}\">\n\t\t\t\t<div class=\"elementor-element elementor-element-c2a307f elementor-widget elementor-widget-text-editor\" data-id=\"c2a307f\" data-element_type=\"widget\" data-widget_type=\"text-editor.default\">\n\t\t\t\t<div class=\"elementor-widget-container\">\n\t\t\t\t\t\t\t\t\t<p>Environmental preservation is a fundamental pillar of our strategy.<\/p><p>At IDNAFOOD, we adopt sustainable practices to reduce our ecological footprint while respecting marine ecosystems.<\/p><p>Our efforts include:<\/p>\t\t\t\t\t\t\t\t<\/div>\n\t\t\t\t<\/div>\n\t\t\t\t<div class=\"elementor-element elementor-element-da5bfe0 elementor-icon-list--layout-traditional elementor-list-item-link-full_width elementor-widget elementor-widget-icon-list\" data-id=\"da5bfe0\" data-element_type=\"widget\" data-widget_type=\"icon-list.default\">\n\t\t\t\t<div class=\"elementor-widget-container\">\n\t\t\t\t\t\t\t<ul class=\"elementor-icon-list-items\">\n\t\t\t\t\t\t\t<li class=\"elementor-icon-list-item\">\n\t\t\t\t\t\t\t\t\t\t\t<span class=\"elementor-icon-list-icon\">\n\t\t\t\t\t\t\t<svg aria-hidden=\"true\" class=\"e-font-icon-svg e-fas-fish\" viewbox=\"0 0 576 512\" xmlns=\"http:\/\/www.w3.org\/2000\/svg\"><path d=\"M327.1 96c-89.97 0-168.54 54.77-212.27 101.63L27.5 131.58c-12.13-9.18-30.24.6-27.14 14.66L24.54 256 .35 365.77c-3.1 14.06 15.01 23.83 27.14 14.66l87.33-66.05C158.55 361.23 237.13 416 327.1 416 464.56 416 576 288 576 256S464.56 96 327.1 96zm87.43 184c-13.25 0-24-10.75-24-24 0-13.26 10.75-24 24-24 13.26 0 24 10.74 24 24 0 13.25-10.75 24-24 24z\"><\/path><\/svg>\t\t\t\t\t\t<\/span>\n\t\t\t\t\t\t\t\t\t\t<span class=\"elementor-icon-list-text\">Waste Reduction: Through optimized manufacturing processes.<\/span>\n\t\t\t\t\t\t\t\t\t<\/li>\n\t\t\t\t\t\t\t\t<li class=\"elementor-icon-list-item\">\n\t\t\t\t\t\t\t\t\t\t\t<span class=\"elementor-icon-list-icon\">\n\t\t\t\t\t\t\t<svg aria-hidden=\"true\" class=\"e-font-icon-svg e-fas-fish\" viewbox=\"0 0 576 512\" xmlns=\"http:\/\/www.w3.org\/2000\/svg\"><path d=\"M327.1 96c-89.97 0-168.54 54.77-212.27 101.63L27.5 131.58c-12.13-9.18-30.24.6-27.14 14.66L24.54 256 .35 365.77c-3.1 14.06 15.01 23.83 27.14 14.66l87.33-66.05C158.55 361.23 237.13 416 327.1 416 464.56 416 576 288 576 256S464.56 96 327.1 96zm87.43 184c-13.25 0-24-10.75-24-24 0-13.26 10.75-24 24-24 13.26 0 24 10.74 24 24 0 13.25-10.75 24-24 24z\"><\/path><\/svg>\t\t\t\t\t\t<\/span>\n\t\t\t\t\t\t\t\t\t\t<span class=\"elementor-icon-list-text\">Energy Optimization: Limiting CO2 emissions by improving energy efficiency.<\/span>\n\t\t\t\t\t\t\t\t\t<\/li>\n\t\t\t\t\t\t\t\t<li class=\"elementor-icon-list-item\">\n\t\t\t\t\t\t\t\t\t\t\t<span class=\"elementor-icon-list-icon\">\n\t\t\t\t\t\t\t<svg aria-hidden=\"true\" class=\"e-font-icon-svg e-fas-fish\" viewbox=\"0 0 576 512\" xmlns=\"http:\/\/www.w3.org\/2000\/svg\"><path d=\"M327.1 96c-89.97 0-168.54 54.77-212.27 101.63L27.5 131.58c-12.13-9.18-30.24.6-27.14 14.66L24.54 256 .35 365.77c-3.1 14.06 15.01 23.83 27.14 14.66l87.33-66.05C158.55 361.23 237.13 416 327.1 416 464.56 416 576 288 576 256S464.56 96 327.1 96zm87.43 184c-13.25 0-24-10.75-24-24 0-13.26 10.75-24 24-24 13.26 0 24 10.74 24 24 0 13.25-10.75 24-24 24z\"><\/path><\/svg>\t\t\t\t\t\t<\/span>\n\t\t\t\t\t\t\t\t\t\t<span class=\"elementor-icon-list-text\">Responsible Marine Resource Use: Partnering with actors committed to sustainable fishing practices.<\/span>\n\t\t\t\t\t\t\t\t\t<\/li>\n\t\t\t\t\t\t\t\t<li class=\"elementor-icon-list-item\">\n\t\t\t\t\t\t\t\t\t\t\t<span class=\"elementor-icon-list-icon\">\n\t\t\t\t\t\t\t<svg aria-hidden=\"true\" class=\"e-font-icon-svg e-fas-fish\" viewbox=\"0 0 576 512\" xmlns=\"http:\/\/www.w3.org\/2000\/svg\"><path d=\"M327.1 96c-89.97 0-168.54 54.77-212.27 101.63L27.5 131.58c-12.13-9.18-30.24.6-27.14 14.66L24.54 256 .35 365.77c-3.1 14.06 15.01 23.83 27.14 14.66l87.33-66.05C158.55 361.23 237.13 416 327.1 416 464.56 416 576 288 576 256S464.56 96 327.1 96zm87.43 184c-13.25 0-24-10.75-24-24 0-13.26 10.75-24 24-24 13.26 0 24 10.74 24 24 0 13.25-10.75 24-24 24z\"><\/path><\/svg>\t\t\t\t\t\t<\/span>\n\t\t\t\t\t\t\t\t\t\t<span class=\"elementor-icon-list-text\">Wastewater Treatment Plant (WWTP): A key investment allowing us to efficiently recycle and treat water used in our production processes. This infrastructure exemplifies our dedication to minimizing environmental impact and conserving natural resources for future generations.<\/span>\n\t\t\t\t\t\t\t\t\t<\/li>\n\t\t\t\t\t\t<\/ul>\n\t\t\t\t\t\t<\/div>\n\t\t\t\t<\/div>\n\t\t\t\t<div class=\"elementor-element elementor-element-cac2201 elementor-widget elementor-widget-text-editor\" data-id=\"cac2201\" data-element_type=\"widget\" data-widget_type=\"text-editor.default\">\n\t\t\t\t<div class=\"elementor-widget-container\">\n\t\t\t\t\t\t\t\t\t<p>This commitment reflects our determination to actively contribute to a more respectful and sustainable future.<\/p>\t\t\t\t\t\t\t\t<\/div>\n\t\t\t\t<\/div>\n\t\t\t\t<\/div>\n\t\t\t\t<div class=\"elementor-element elementor-element-a9bab06 elementor-widget elementor-widget-spacer\" data-id=\"a9bab06\" data-element_type=\"widget\" data-widget_type=\"spacer.default\">\n\t\t\t\t<div class=\"elementor-widget-container\">\n\t\t\t\t\t\t\t<div class=\"elementor-spacer\">\n\t\t\t<div class=\"elementor-spacer-inner\"><\/div>\n\t\t<\/div>\n\t\t\t\t\t\t<\/div>\n\t\t\t\t<\/div>\n\t\t\t\t\t<\/div>\n\t\t\t\t<\/div>\n\t\t<div class=\"elementor-element elementor-element-751a8021 e-con-full e-flex no e-con e-parent\" data-id=\"751a8021\" data-element_type=\"container\" data-settings=\"{&quot;background_background&quot;:&quot;classic&quot;}\">\n\t\t\t\t<div class=\"elementor-element elementor-element-712cefcd elementor-widget elementor-widget-ms-hero\" data-id=\"712cefcd\" data-element_type=\"widget\" data-widget_type=\"ms-hero.default\">\n\t\t\t\t<div class=\"elementor-widget-container\">\n\t\t\t\t\t\r\n        <section class=\"ms-hero\" id=\"712cefcd\">\r\n\r\n            \r\n                            <div class=\"ms-parallax\" data-speed=\"0.8\" data-type=\"scroll\">\r\n\r\n                                            <img decoding=\"async\" class=\"jarallax-img\" src=\"https:\/\/idnafood.ma\/wp-content\/uploads\/2024\/12\/shutterstock_2481081833-scaled.jpg\" alt=\"\">\r\n                    \r\n                                    <\/div>\r\n            \r\n            \r\n                \r\n                \r\n            \r\n        <\/section>\r\n\r\n    \t\t\t\t<\/div>\n\t\t\t\t<\/div>\n\t\t\t\t<\/div>\n\t\t<div data-scroll=\"\" data-scroll-offset=\"20%,0\" data-scroll-speed=\"0.1\" class=\"elementor-element elementor-element-25652b3f yes 0.1 e-flex e-con-boxed e-con e-parent\" data-id=\"25652b3f\" data-element_type=\"container\" data-settings=\"{&quot;background_background&quot;:&quot;classic&quot;}\">\n\t\t\t\t\t<div class=\"e-con-inner\">\n\t\t\t\t<div class=\"elementor-element elementor-element-7cfa0ef5 elementor-widget elementor-widget-spacer\" data-id=\"7cfa0ef5\" data-element_type=\"widget\" data-widget_type=\"spacer.default\">\n\t\t\t\t<div class=\"elementor-widget-container\">\n\t\t\t\t\t\t\t<div class=\"elementor-spacer\">\n\t\t\t<div class=\"elementor-spacer-inner\"><\/div>\n\t\t<\/div>\n\t\t\t\t\t\t<\/div>\n\t\t\t\t<\/div>\n\t\t\t\t<div class=\"elementor-element elementor-element-655eb2c elementor-widget elementor-widget-ms_animated_headline\" data-id=\"655eb2c\" data-element_type=\"widget\" data-widget_type=\"ms_animated_headline.default\">\n\t\t\t\t<div class=\"elementor-widget-container\">\n\t\t\t\t\t\r\n        <div class=\"ms-ah-wrapper\">\r\n            <h1 class=\"content__title\" data-splitting data-effect6 data-scroll=\"on\">\r\n            \tProduct Traceability            <\/h1>\r\n        <\/div>\r\n        \r\n    \t\t\t\t<\/div>\n\t\t\t\t<\/div>\n\t\t<div class=\"elementor-element elementor-element-69efe366 e-con-full e-flex no e-con e-child\" data-id=\"69efe366\" data-element_type=\"container\" data-settings=\"{&quot;background_background&quot;:&quot;classic&quot;}\">\n\t\t\t\t<div class=\"elementor-element elementor-element-4476320 elementor-widget elementor-widget-text-editor\" data-id=\"4476320\" data-element_type=\"widget\" data-widget_type=\"text-editor.default\">\n\t\t\t\t<div class=\"elementor-widget-container\">\n\t\t\t\t\t\t\t\t\t<p>Transparency lies at the heart of our approach. Every IDNAFOOD product benefits from an advanced traceability system, enabling tracking at every stage, from fishing or harvesting to the consumer's plate.<\/p><p>This system ensures :<\/p>\t\t\t\t\t\t\t\t<\/div>\n\t\t\t\t<\/div>\n\t\t\t\t<div class=\"elementor-element elementor-element-2b8d8cb elementor-icon-list--layout-traditional elementor-list-item-link-full_width elementor-widget elementor-widget-icon-list\" data-id=\"2b8d8cb\" data-element_type=\"widget\" data-widget_type=\"icon-list.default\">\n\t\t\t\t<div class=\"elementor-widget-container\">\n\t\t\t\t\t\t\t<ul class=\"elementor-icon-list-items\">\n\t\t\t\t\t\t\t<li class=\"elementor-icon-list-item\">\n\t\t\t\t\t\t\t\t\t\t\t<span class=\"elementor-icon-list-icon\">\n\t\t\t\t\t\t\t<svg aria-hidden=\"true\" class=\"e-font-icon-svg e-fas-fish\" viewbox=\"0 0 576 512\" xmlns=\"http:\/\/www.w3.org\/2000\/svg\"><path d=\"M327.1 96c-89.97 0-168.54 54.77-212.27 101.63L27.5 131.58c-12.13-9.18-30.24.6-27.14 14.66L24.54 256 .35 365.77c-3.1 14.06 15.01 23.83 27.14 14.66l87.33-66.05C158.55 361.23 237.13 416 327.1 416 464.56 416 576 288 576 256S464.56 96 327.1 96zm87.43 184c-13.25 0-24-10.75-24-24 0-13.26 10.75-24 24-24 13.26 0 24 10.74 24 24 0 13.25-10.75 24-24 24z\"><\/path><\/svg>\t\t\t\t\t\t<\/span>\n\t\t\t\t\t\t\t\t\t\t<span class=\"elementor-icon-list-text\">Consistent Quality<\/span>\n\t\t\t\t\t\t\t\t\t<\/li>\n\t\t\t\t\t\t\t\t<li class=\"elementor-icon-list-item\">\n\t\t\t\t\t\t\t\t\t\t\t<span class=\"elementor-icon-list-icon\">\n\t\t\t\t\t\t\t<svg aria-hidden=\"true\" class=\"e-font-icon-svg e-fas-fish\" viewbox=\"0 0 576 512\" xmlns=\"http:\/\/www.w3.org\/2000\/svg\"><path d=\"M327.1 96c-89.97 0-168.54 54.77-212.27 101.63L27.5 131.58c-12.13-9.18-30.24.6-27.14 14.66L24.54 256 .35 365.77c-3.1 14.06 15.01 23.83 27.14 14.66l87.33-66.05C158.55 361.23 237.13 416 327.1 416 464.56 416 576 288 576 256S464.56 96 327.1 96zm87.43 184c-13.25 0-24-10.75-24-24 0-13.26 10.75-24 24-24 13.26 0 24 10.74 24 24 0 13.25-10.75 24-24 24z\"><\/path><\/svg>\t\t\t\t\t\t<\/span>\n\t\t\t\t\t\t\t\t\t\t<span class=\"elementor-icon-list-text\">Compliance with International Standards<\/span>\n\t\t\t\t\t\t\t\t\t<\/li>\n\t\t\t\t\t\t\t\t<li class=\"elementor-icon-list-item\">\n\t\t\t\t\t\t\t\t\t\t\t<span class=\"elementor-icon-list-icon\">\n\t\t\t\t\t\t\t<svg aria-hidden=\"true\" class=\"e-font-icon-svg e-fas-fish\" viewbox=\"0 0 576 512\" xmlns=\"http:\/\/www.w3.org\/2000\/svg\"><path d=\"M327.1 96c-89.97 0-168.54 54.77-212.27 101.63L27.5 131.58c-12.13-9.18-30.24.6-27.14 14.66L24.54 256 .35 365.77c-3.1 14.06 15.01 23.83 27.14 14.66l87.33-66.05C158.55 361.23 237.13 416 327.1 416 464.56 416 576 288 576 256S464.56 96 327.1 96zm87.43 184c-13.25 0-24-10.75-24-24 0-13.26 10.75-24 24-24 13.26 0 24 10.74 24 24 0 13.25-10.75 24-24 24z\"><\/path><\/svg>\t\t\t\t\t\t<\/span>\n\t\t\t\t\t\t\t\t\t\t<span class=\"elementor-icon-list-text\">Enhanced Trust: Strengthening relationships with our global clients and partners.<\/span>\n\t\t\t\t\t\t\t\t\t<\/li>\n\t\t\t\t\t\t<\/ul>\n\t\t\t\t\t\t<\/div>\n\t\t\t\t<\/div>\n\t\t\t\t<div class=\"elementor-element elementor-element-3b11ede elementor-widget elementor-widget-text-editor\" data-id=\"3b11ede\" data-element_type=\"widget\" data-widget_type=\"text-editor.default\">\n\t\t\t\t<div class=\"elementor-widget-container\">\n\t\t\t\t\t\t\t\t\t<p>Our proactive traceability approach underscores our commitment to delivering safe, reliable, and high-quality products.<\/p>\t\t\t\t\t\t\t\t<\/div>\n\t\t\t\t<\/div>\n\t\t\t\t<\/div>\n\t\t\t\t<div class=\"elementor-element elementor-element-ebc532b elementor-widget elementor-widget-spacer\" data-id=\"ebc532b\" data-element_type=\"widget\" data-widget_type=\"spacer.default\">\n\t\t\t\t<div class=\"elementor-widget-container\">\n\t\t\t\t\t\t\t<div class=\"elementor-spacer\">\n\t\t\t<div class=\"elementor-spacer-inner\"><\/div>\n\t\t<\/div>\n\t\t\t\t\t\t<\/div>\n\t\t\t\t<\/div>\n\t\t\t\t\t<\/div>\n\t\t\t\t<\/div>\n\t\t<div class=\"elementor-element elementor-element-59bd4e88 e-con-full e-flex no e-con e-parent\" data-id=\"59bd4e88\" data-element_type=\"container\" data-settings=\"{&quot;background_background&quot;:&quot;classic&quot;}\">\n\t\t\t\t<div class=\"elementor-element elementor-element-7097e4d3 elementor-widget elementor-widget-ms-hero\" data-id=\"7097e4d3\" data-element_type=\"widget\" data-widget_type=\"ms-hero.default\">\n\t\t\t\t<div class=\"elementor-widget-container\">\n\t\t\t\t\t\r\n        <section class=\"ms-hero\" id=\"7097e4d3\">\r\n\r\n                            <div class=\"hero-overlay\"><\/div>\r\n            \r\n                            <div class=\"ms-parallax\" data-speed=\"0.8\" data-type=\"scroll\">\r\n\r\n                                            <img decoding=\"async\" class=\"jarallax-img\" src=\"https:\/\/idnafood.ma\/wp-content\/uploads\/2024\/12\/shutterstock_2499800677-scaled.jpg\" alt=\"\">\r\n                    \r\n                                    <\/div>\r\n            \r\n            \r\n                \r\n                \r\n            \r\n        <\/section>\r\n\r\n    \t\t\t\t<\/div>\n\t\t\t\t<\/div>\n\t\t\t\t<\/div>\n\t\t\t\t<\/div>","protected":false},"excerpt":{"rendered":"<p>IDNAFOOD, LA CAUTION SANT\u00c9 IDNAFOOD, LA CAUTION SANT\u00c9 SANT\u00c9, NUTRITION ET S\u00c9CURIT\u00c9 ALIMENTAIRE Chez IDNAFOOD, nous sommes convaincus que l\u2019alimentation est au c\u0153ur d\u2019une [&hellip;]<\/p>","protected":false},"author":1,"featured_media":0,"parent":0,"menu_order":0,"comment_status":"closed","ping_status":"closed","template":"page-custom.php","meta":{"_acf_changed":false,"footnotes":""},"class_list":["post-4967","page","type-page","status-publish","hentry"],"acf":{"choi\u0441e_menu_page":"custom_menu_page","full_width":false,"header_transparent":true,"header_white":false,"menu_type_page":"default","menu_align_page":"right"},"_links":{"self":[{"href":"https:\/\/idnafood.ma\/en\/wp-json\/wp\/v2\/pages\/4967","targetHints":{"allow":["GET"]}}],"collection":[{"href":"https:\/\/idnafood.ma\/en\/wp-json\/wp\/v2\/pages"}],"about":[{"href":"https:\/\/idnafood.ma\/en\/wp-json\/wp\/v2\/types\/page"}],"author":[{"embeddable":true,"href":"https:\/\/idnafood.ma\/en\/wp-json\/wp\/v2\/users\/1"}],"replies":[{"embeddable":true,"href":"https:\/\/idnafood.ma\/en\/wp-json\/wp\/v2\/comments?post=4967"}],"version-history":[{"count":63,"href":"https:\/\/idnafood.ma\/en\/wp-json\/wp\/v2\/pages\/4967\/revisions"}],"predecessor-version":[{"id":5647,"href":"https:\/\/idnafood.ma\/en\/wp-json\/wp\/v2\/pages\/4967\/revisions\/5647"}],"wp:attachment":[{"href":"https:\/\/idnafood.ma\/en\/wp-json\/wp\/v2\/media?parent=4967"}],"curies":[{"name":"wp","href":"https:\/\/api.w.org\/{rel}","templated":true}]}}