{"id":4965,"date":"2024-12-26T18:13:46","date_gmt":"2024-12-26T18:13:46","guid":{"rendered":"https:\/\/idnafood.ma\/?page_id=4965"},"modified":"2025-01-17T18:20:23","modified_gmt":"2025-01-17T18:20:23","slug":"nos-produits","status":"publish","type":"page","link":"https:\/\/idnafood.ma\/en\/nos-produits\/","title":{"rendered":"Nos produits"},"content":{"rendered":"<div data-elementor-type=\"wp-page\" data-elementor-id=\"4965\" class=\"elementor elementor-4965\" data-elementor-post-type=\"page\">\n\t\t\t\t<div class=\"elementor-element elementor-element-79a3bd5c elementor-hidden-desktop elementor-hidden-tablet e-flex e-con-boxed e-con e-parent\" data-id=\"79a3bd5c\" data-element_type=\"container\" data-settings=\"{&quot;background_background&quot;:&quot;video&quot;,&quot;background_video_link&quot;:&quot;https:\\\/\\\/idnafood.ma\\\/wp-content\\\/uploads\\\/2024\\\/12\\\/bait-ball-of-sardines-and-mackerel-2024-10-08-15-49-52-utc.mp4&quot;,&quot;background_play_on_mobile&quot;:&quot;yes&quot;}\">\n\t\t\t\t\t<div class=\"e-con-inner\">\n\t\t<div class=\"elementor-background-video-container\">\n\t\t\t\t\t\t\t<video class=\"elementor-background-video-hosted elementor-html5-video\" autoplay muted playsinline loop><\/video>\n\t\t\t\t\t<\/div>\t\t<div class=\"elementor-element elementor-element-50433677 elementor-widget elementor-widget-ms-hero\" data-id=\"50433677\" data-element_type=\"widget\" data-widget_type=\"ms-hero.default\">\n\t\t\t\t<div class=\"elementor-widget-container\">\n\t\t\t\t\t\r\n        <section class=\"ms-hero\" id=\"50433677\">\r\n\r\n            \r\n                            <div class=\"hero-image\"><\/div>\r\n            \r\n            \r\n                \r\n                    <div class=\"ms-hc\">\r\n                        <div class=\"ms-hc--inner\">\r\n                                                            <h1 class=\"ms-hero-title\">IDNAFOOD, <br>A GREAT CATCH OF PRODUCTS<\/h1>\r\n                                                                                <\/div>\r\n                    <\/div>\r\n\r\n                \r\n                \r\n            \r\n        <\/section>\r\n\r\n    \t\t\t\t<\/div>\n\t\t\t\t<\/div>\n\t\t\t\t\t<\/div>\n\t\t\t\t<\/div>\n\t\t<div class=\"elementor-element elementor-element-11227733 e-con-full elementor-hidden-mobile e-flex e-con e-parent\" data-id=\"11227733\" data-element_type=\"container\" data-settings=\"{&quot;background_background&quot;:&quot;video&quot;,&quot;background_video_link&quot;:&quot;https:\\\/\\\/idnafood.ma\\\/wp-content\\\/uploads\\\/2024\\\/12\\\/bait-ball-of-sardines-and-mackerel-2024-10-08-15-49-52-utc.mp4&quot;,&quot;background_play_on_mobile&quot;:&quot;yes&quot;}\">\n\t\t<div class=\"elementor-background-video-container\">\n\t\t\t\t\t\t\t<video class=\"elementor-background-video-hosted elementor-html5-video\" autoplay muted playsinline loop><\/video>\n\t\t\t\t\t<\/div>\t\t<div class=\"elementor-element elementor-element-3e211f5d elementor-widget elementor-widget-ms-hero\" data-id=\"3e211f5d\" data-element_type=\"widget\" data-settings=\"{&quot;video_end&quot;:70}\" data-widget_type=\"ms-hero.default\">\n\t\t\t\t<div class=\"elementor-widget-container\">\n\t\t\t\t\t\r\n        <section class=\"ms-hero\" id=\"3e211f5d\">\r\n\r\n                            <div class=\"hero-overlay\"><\/div>\r\n            \r\n                            <div class=\"ms-parallax\" data-speed=\"0.9\" data-type=\"scroll\">\r\n\r\n                    \r\n                                            <div class=\"jarallax-img\" data-video-start-time=\"10\" data-video-end-time=\"70\" data-video-src=\"\"><\/div>\r\n                                    <\/div>\r\n            \r\n            \r\n                \r\n                    <div class=\"ms-hc\">\r\n                        <div class=\"ms-hc--inner\">\r\n                                                            <h1 class=\"ms-hero-title\">IDNAFOOD, <br>A GREAT CATCH OF PRODUCTS<\/h1>\r\n                                                                                <\/div>\r\n                    <\/div>\r\n\r\n                \r\n                \r\n            \r\n        <\/section>\r\n\r\n    \t\t\t\t<\/div>\n\t\t\t\t<\/div>\n\t\t\t\t<\/div>\n\t\t<a class=\"elementor-element elementor-element-f791301 e-con-full e-flex no e-con e-parent\" data-id=\"f791301\" data-element_type=\"container\" data-settings=\"{&quot;background_background&quot;:&quot;classic&quot;}\" href=\"https:\/\/idna.ma\/fr\/nos-produits\/marsa\/\" target=\"_blank\">\n\t\t\t\t<div class=\"elementor-element elementor-element-5fffe649 elementor-widget elementor-widget-ms-hero\" data-id=\"5fffe649\" data-element_type=\"widget\" data-widget_type=\"ms-hero.default\">\n\t\t\t\t<div class=\"elementor-widget-container\">\n\t\t\t\t\t\r\n        <section class=\"ms-hero\" id=\"5fffe649\">\r\n\r\n            \r\n                            <div class=\"ms-parallax\" data-speed=\"0.8\" data-type=\"scroll\">\r\n\r\n                                            <img decoding=\"async\" class=\"jarallax-img\" src=\"https:\/\/idnafood.ma\/wp-content\/uploads\/2025\/01\/shutterstock_737488576-sardine-scaled.jpg\" alt=\"\">\r\n                    \r\n                                    <\/div>\r\n            \r\n            \r\n                \r\n                    <div class=\"ms-hc\">\r\n                        <div class=\"ms-hc--inner\">\r\n                                                            <h1 class=\"ms-hero-title\">SARDINE<\/h1>\r\n                                                                                        <p class=\"ms-hero-subtitle\">We are committed to providing consumers with healthy, nutritious, and traceable products while respecting the environment and contributing to local community development. We firmly believe that quality and sustainability must go hand in hand to meet the needs of current and future generations.<br>\nOur vision is ambitious: to build a future where IDNAFOOD is recognized as a global leader in the food markets. By combining excellence, innovation, and sustainability, we aim to become a trusted partner for clients worldwide while continuing to enhance and promote the natural wealth of our country.<\/p>\r\n                                                    <\/div>\r\n                    <\/div>\r\n\r\n                \r\n                \r\n            \r\n        <\/section>\r\n\r\n    \t\t\t\t<\/div>\n\t\t\t\t<\/div>\n\t\t\t\t<\/a>\n\t\t<div data-scroll=\"\" data-scroll-offset=\"20%,0\" data-scroll-speed=\"0.1\" class=\"elementor-element elementor-element-f420e87 yes 0.1 e-flex e-con-boxed e-con e-parent\" data-id=\"f420e87\" data-element_type=\"container\" data-settings=\"{&quot;background_background&quot;:&quot;classic&quot;}\">\n\t\t\t\t\t<div class=\"e-con-inner\">\n\t\t\t\t<div class=\"elementor-element elementor-element-84e26db elementor-widget elementor-widget-spacer\" data-id=\"84e26db\" data-element_type=\"widget\" data-widget_type=\"spacer.default\">\n\t\t\t\t<div class=\"elementor-widget-container\">\n\t\t\t\t\t\t\t<div class=\"elementor-spacer\">\n\t\t\t<div class=\"elementor-spacer-inner\"><\/div>\n\t\t<\/div>\n\t\t\t\t\t\t<\/div>\n\t\t\t\t<\/div>\n\t\t\t\t<div class=\"elementor-element elementor-element-26564ea elementor-widget elementor-widget-ms_animated_headline\" data-id=\"26564ea\" data-element_type=\"widget\" data-widget_type=\"ms_animated_headline.default\">\n\t\t\t\t<div class=\"elementor-widget-container\">\n\t\t\t\t\t\r\n        <div class=\"ms-ah-wrapper\">\r\n            <h1 class=\"content__title\" data-splitting data-effect6 data-scroll=\"on\">\r\n            \tTUNA            <\/h1>\r\n        <\/div>\r\n        \r\n    \t\t\t\t<\/div>\n\t\t\t\t<\/div>\n\t\t<div class=\"elementor-element elementor-element-0dce135 e-con-full e-flex no e-con e-child\" data-id=\"0dce135\" data-element_type=\"container\" data-settings=\"{&quot;background_background&quot;:&quot;classic&quot;}\">\n\t\t\t\t<div class=\"elementor-element elementor-element-49da13c elementor-widget elementor-widget-text-editor\" data-id=\"49da13c\" data-element_type=\"widget\" data-widget_type=\"text-editor.default\">\n\t\t\t\t<div class=\"elementor-widget-container\">\n\t\t\t\t\t\t\t\t\t<p>Renowned for its tenderness and natural flavor, our canned tuna is available in a variety of options tailored to the needs of food industry professionals. In addition to classic tuna, <span data-olk-copy-source=\"MessageBody\">IDNAFOOD also offers premium-quality tuna loins, designed to meet your specific requirements.<\/span><br \/>With our flexible production capabilities and high-quality standards, our products seamlessly align with distributors\u2019 strategies and the demands of competitive markets.<\/p>\t\t\t\t\t\t\t\t<\/div>\n\t\t\t\t<\/div>\n\t\t\t\t<\/div>\n\t\t\t\t<div class=\"elementor-element elementor-element-fa5db09 elementor-widget elementor-widget-spacer\" data-id=\"fa5db09\" data-element_type=\"widget\" data-widget_type=\"spacer.default\">\n\t\t\t\t<div class=\"elementor-widget-container\">\n\t\t\t\t\t\t\t<div class=\"elementor-spacer\">\n\t\t\t<div class=\"elementor-spacer-inner\"><\/div>\n\t\t<\/div>\n\t\t\t\t\t\t<\/div>\n\t\t\t\t<\/div>\n\t\t\t\t\t<\/div>\n\t\t\t\t<\/div>\n\t\t<a class=\"elementor-element elementor-element-09158ab e-con-full elementor-hidden-mobile e-flex no e-con e-parent\" data-id=\"09158ab\" data-element_type=\"container\" data-settings=\"{&quot;background_background&quot;:&quot;classic&quot;}\" href=\"https:\/\/idna.ma\/fr\/nos-produits\/garcia\/\" target=\"_blank\">\n\t\t\t\t<div class=\"elementor-element elementor-element-efc38cf e-transform elementor-widget elementor-widget-ms-hero\" data-id=\"efc38cf\" data-element_type=\"widget\" data-settings=\"{&quot;_transform_translateX_effect&quot;:{&quot;unit&quot;:&quot;px&quot;,&quot;size&quot;:&quot;&quot;,&quot;sizes&quot;:[]},&quot;_transform_translateX_effect_tablet&quot;:{&quot;unit&quot;:&quot;px&quot;,&quot;size&quot;:&quot;&quot;,&quot;sizes&quot;:[]},&quot;_transform_translateX_effect_mobile&quot;:{&quot;unit&quot;:&quot;px&quot;,&quot;size&quot;:&quot;&quot;,&quot;sizes&quot;:[]},&quot;_transform_translateY_effect&quot;:{&quot;unit&quot;:&quot;px&quot;,&quot;size&quot;:&quot;&quot;,&quot;sizes&quot;:[]},&quot;_transform_translateY_effect_tablet&quot;:{&quot;unit&quot;:&quot;px&quot;,&quot;size&quot;:&quot;&quot;,&quot;sizes&quot;:[]},&quot;_transform_translateY_effect_mobile&quot;:{&quot;unit&quot;:&quot;px&quot;,&quot;size&quot;:&quot;&quot;,&quot;sizes&quot;:[]}}\" data-widget_type=\"ms-hero.default\">\n\t\t\t\t<div class=\"elementor-widget-container\">\n\t\t\t\t\t\r\n        <section class=\"ms-hero\" id=\"efc38cf\">\r\n\r\n            \r\n                            <div class=\"ms-parallax\" data-speed=\"0.8\" data-type=\"scroll\">\r\n\r\n                                            <img decoding=\"async\" class=\"jarallax-img\" src=\"https:\/\/idnafood.ma\/wp-content\/uploads\/2025\/01\/shutterstock_659680288-yelw-scaled-e1737128279949.jpg\" alt=\"\">\r\n                    \r\n                                    <\/div>\r\n            \r\n            \r\n                \r\n                \r\n            \r\n        <\/section>\r\n\r\n    \t\t\t\t<\/div>\n\t\t\t\t<\/div>\n\t\t\t\t<\/a>\n\t\t<a class=\"elementor-element elementor-element-4f9d06d e-con-full elementor-hidden-desktop elementor-hidden-tablet e-flex no e-con e-parent\" data-id=\"4f9d06d\" data-element_type=\"container\" data-settings=\"{&quot;background_background&quot;:&quot;classic&quot;}\" href=\"https:\/\/idna.ma\/fr\/nos-produits\/garcia\/\" target=\"_blank\">\n\t\t\t\t<div class=\"elementor-element elementor-element-3e0a9da e-transform elementor-widget elementor-widget-ms-hero\" data-id=\"3e0a9da\" data-element_type=\"widget\" data-settings=\"{&quot;_transform_translateX_effect&quot;:{&quot;unit&quot;:&quot;px&quot;,&quot;size&quot;:&quot;&quot;,&quot;sizes&quot;:[]},&quot;_transform_translateX_effect_tablet&quot;:{&quot;unit&quot;:&quot;px&quot;,&quot;size&quot;:&quot;&quot;,&quot;sizes&quot;:[]},&quot;_transform_translateX_effect_mobile&quot;:{&quot;unit&quot;:&quot;px&quot;,&quot;size&quot;:&quot;&quot;,&quot;sizes&quot;:[]},&quot;_transform_translateY_effect&quot;:{&quot;unit&quot;:&quot;px&quot;,&quot;size&quot;:&quot;&quot;,&quot;sizes&quot;:[]},&quot;_transform_translateY_effect_tablet&quot;:{&quot;unit&quot;:&quot;px&quot;,&quot;size&quot;:&quot;&quot;,&quot;sizes&quot;:[]},&quot;_transform_translateY_effect_mobile&quot;:{&quot;unit&quot;:&quot;px&quot;,&quot;size&quot;:&quot;&quot;,&quot;sizes&quot;:[]}}\" data-widget_type=\"ms-hero.default\">\n\t\t\t\t<div class=\"elementor-widget-container\">\n\t\t\t\t\t\r\n        <section class=\"ms-hero\" id=\"3e0a9da\">\r\n\r\n            \r\n                            <div class=\"ms-parallax\" data-speed=\"0.8\" data-type=\"scroll\">\r\n\r\n                                            <img decoding=\"async\" class=\"jarallax-img\" src=\"https:\/\/idnafood.ma\/wp-content\/uploads\/2025\/01\/shutterstock_659680288-yelw-copie_2-scaled.jpg\" alt=\"\">\r\n                    \r\n                                    <\/div>\r\n            \r\n            \r\n                \r\n                \r\n            \r\n        <\/section>\r\n\r\n    \t\t\t\t<\/div>\n\t\t\t\t<\/div>\n\t\t\t\t<\/a>\n\t\t<div data-scroll=\"\" data-scroll-offset=\"20%,0\" data-scroll-speed=\"0.1\" class=\"elementor-element elementor-element-5e2290c2 yes 0.1 e-flex e-con-boxed e-con e-parent\" data-id=\"5e2290c2\" data-element_type=\"container\" data-settings=\"{&quot;background_background&quot;:&quot;classic&quot;}\">\n\t\t\t\t\t<div class=\"e-con-inner\">\n\t\t\t\t<div class=\"elementor-element elementor-element-6378a4e5 elementor-widget elementor-widget-spacer\" data-id=\"6378a4e5\" data-element_type=\"widget\" data-widget_type=\"spacer.default\">\n\t\t\t\t<div class=\"elementor-widget-container\">\n\t\t\t\t\t\t\t<div class=\"elementor-spacer\">\n\t\t\t<div class=\"elementor-spacer-inner\"><\/div>\n\t\t<\/div>\n\t\t\t\t\t\t<\/div>\n\t\t\t\t<\/div>\n\t\t\t\t<div class=\"elementor-element elementor-element-14fd23d0 elementor-widget elementor-widget-ms_animated_headline\" data-id=\"14fd23d0\" data-element_type=\"widget\" data-widget_type=\"ms_animated_headline.default\">\n\t\t\t\t<div class=\"elementor-widget-container\">\n\t\t\t\t\t\r\n        <div class=\"ms-ah-wrapper\">\r\n            <h1 class=\"content__title\" data-splitting data-effect6 data-scroll=\"on\">\r\n            \tMackerel            <\/h1>\r\n        <\/div>\r\n        \r\n    \t\t\t\t<\/div>\n\t\t\t\t<\/div>\n\t\t<div class=\"elementor-element elementor-element-77d9dceb e-con-full e-flex no e-con e-child\" data-id=\"77d9dceb\" data-element_type=\"container\" data-settings=\"{&quot;background_background&quot;:&quot;classic&quot;}\">\n\t\t\t\t<div class=\"elementor-element elementor-element-9f1432f elementor-widget elementor-widget-text-editor\" data-id=\"9f1432f\" data-element_type=\"widget\" data-widget_type=\"text-editor.default\">\n\t\t\t\t<div class=\"elementor-widget-container\">\n\t\t\t\t\t\t\t\t\t<p>Our canned mackerel, rich in essential nutrients and delicate flavors, is designed to meet the needs of distributors and professionals looking to expand their product range. Offering consistent quality and rigorous traceability, it is a reliable solution to enrich your product portfolio and cater to the demands of local and international markets.<\/p>\t\t\t\t\t\t\t\t<\/div>\n\t\t\t\t<\/div>\n\t\t\t\t<\/div>\n\t\t\t\t<div class=\"elementor-element elementor-element-cca3fe9 elementor-widget elementor-widget-spacer\" data-id=\"cca3fe9\" data-element_type=\"widget\" data-widget_type=\"spacer.default\">\n\t\t\t\t<div class=\"elementor-widget-container\">\n\t\t\t\t\t\t\t<div class=\"elementor-spacer\">\n\t\t\t<div class=\"elementor-spacer-inner\"><\/div>\n\t\t<\/div>\n\t\t\t\t\t\t<\/div>\n\t\t\t\t<\/div>\n\t\t\t\t\t<\/div>\n\t\t\t\t<\/div>\n\t\t<a class=\"elementor-element elementor-element-5e52943f e-con-full e-flex no e-con e-parent\" data-id=\"5e52943f\" data-element_type=\"container\" data-settings=\"{&quot;background_background&quot;:&quot;classic&quot;}\" href=\"https:\/\/idna.ma\/fr\/nos-produits\/marsa\/\" target=\"_blank\">\n\t\t\t\t<div class=\"elementor-element elementor-element-2c36a746 elementor-widget elementor-widget-ms-hero\" data-id=\"2c36a746\" data-element_type=\"widget\" data-widget_type=\"ms-hero.default\">\n\t\t\t\t<div class=\"elementor-widget-container\">\n\t\t\t\t\t\r\n        <section class=\"ms-hero\" id=\"2c36a746\">\r\n\r\n            \r\n                            <div class=\"ms-parallax\" data-speed=\"0.8\" data-type=\"scroll\">\r\n\r\n                                            <img decoding=\"async\" class=\"jarallax-img\" src=\"https:\/\/idnafood.ma\/wp-content\/uploads\/2024\/12\/shutterstock_435039523-scaled.jpg\" alt=\"\">\r\n                    \r\n                                    <\/div>\r\n            \r\n            \r\n                \r\n                \r\n            \r\n        <\/section>\r\n\r\n    \t\t\t\t<\/div>\n\t\t\t\t<\/div>\n\t\t\t\t<\/a>\n\t\t<div data-scroll=\"\" data-scroll-offset=\"20%,0\" data-scroll-speed=\"0.1\" class=\"elementor-element elementor-element-c57cce6 yes 0.1 e-flex e-con-boxed e-con e-parent\" data-id=\"c57cce6\" data-element_type=\"container\" data-settings=\"{&quot;background_background&quot;:&quot;classic&quot;}\">\n\t\t\t\t\t<div class=\"e-con-inner\">\n\t\t\t\t<div class=\"elementor-element elementor-element-e1267c7 elementor-widget elementor-widget-spacer\" data-id=\"e1267c7\" data-element_type=\"widget\" data-widget_type=\"spacer.default\">\n\t\t\t\t<div class=\"elementor-widget-container\">\n\t\t\t\t\t\t\t<div class=\"elementor-spacer\">\n\t\t\t<div class=\"elementor-spacer-inner\"><\/div>\n\t\t<\/div>\n\t\t\t\t\t\t<\/div>\n\t\t\t\t<\/div>\n\t\t\t\t<div class=\"elementor-element elementor-element-0cc2885 elementor-widget elementor-widget-ms_animated_headline\" data-id=\"0cc2885\" data-element_type=\"widget\" data-widget_type=\"ms_animated_headline.default\">\n\t\t\t\t<div class=\"elementor-widget-container\">\n\t\t\t\t\t\r\n        <div class=\"ms-ah-wrapper\">\r\n            <h1 class=\"content__title\" data-splitting data-effect6 data-scroll=\"on\">\r\n            \tFishmeal            <\/h1>\r\n        <\/div>\r\n        \r\n    \t\t\t\t<\/div>\n\t\t\t\t<\/div>\n\t\t<div class=\"elementor-element elementor-element-814cb6d e-con-full e-flex no e-con e-child\" data-id=\"814cb6d\" data-element_type=\"container\" data-settings=\"{&quot;background_background&quot;:&quot;classic&quot;}\">\n\t\t\t\t<div class=\"elementor-element elementor-element-8e4994f elementor-widget elementor-widget-text-editor\" data-id=\"8e4994f\" data-element_type=\"widget\" data-widget_type=\"text-editor.default\">\n\t\t\t\t<div class=\"elementor-widget-container\">\n\t\t\t\t\t\t\t\t\t<div data-olk-copy-source=\"MessageBody\">A key product for the animal feed industry, our fish meal is produced from fish waste and residues generated by our canning operations. This protein-rich raw material is processed under strict quality and sustainability standards, ensuring optimal performance for our industrial partners.<\/div><div data-olk-copy-source=\"MessageBody\">\u00a0<\/div><div>By promoting a circular economic model, we contribute to waste reduction and the valorization of natural resources. Our fish meal perfectly meets the needs of companies seeking reliable, nutritious, and environmentally friendly raw materials.<\/div><div>\u00a0<\/div><div>With a high protein content and an adapted nutritional profile, it is ideal for the formulation of feed for livestock, ensuring healthy and efficient animal growth while supporting sustainable and responsible production.<\/div>\t\t\t\t\t\t\t\t<\/div>\n\t\t\t\t<\/div>\n\t\t\t\t<\/div>\n\t\t\t\t<div class=\"elementor-element elementor-element-01f2b1d elementor-widget elementor-widget-spacer\" data-id=\"01f2b1d\" data-element_type=\"widget\" data-widget_type=\"spacer.default\">\n\t\t\t\t<div class=\"elementor-widget-container\">\n\t\t\t\t\t\t\t<div class=\"elementor-spacer\">\n\t\t\t<div class=\"elementor-spacer-inner\"><\/div>\n\t\t<\/div>\n\t\t\t\t\t\t<\/div>\n\t\t\t\t<\/div>\n\t\t\t\t\t<\/div>\n\t\t\t\t<\/div>\n\t\t<div class=\"elementor-element elementor-element-cb4301e e-con-full e-flex no e-con e-parent\" data-id=\"cb4301e\" data-element_type=\"container\" data-settings=\"{&quot;background_background&quot;:&quot;classic&quot;}\">\n\t\t\t\t<div class=\"elementor-element elementor-element-35c2f0b elementor-widget elementor-widget-ms-hero\" data-id=\"35c2f0b\" data-element_type=\"widget\" data-widget_type=\"ms-hero.default\">\n\t\t\t\t<div class=\"elementor-widget-container\">\n\t\t\t\t\t\r\n        <section class=\"ms-hero\" id=\"35c2f0b\">\r\n\r\n            \r\n                            <div class=\"ms-parallax\" data-speed=\"0.8\" data-type=\"scroll\">\r\n\r\n                                            <img decoding=\"async\" class=\"jarallax-img\" src=\"https:\/\/idnafood.ma\/wp-content\/uploads\/2025\/01\/shutterstock_2195372991-farine-copie-scaled.jpg\" alt=\"\">\r\n                    \r\n                                    <\/div>\r\n            \r\n            \r\n                \r\n                \r\n            \r\n        <\/section>\r\n\r\n    \t\t\t\t<\/div>\n\t\t\t\t<\/div>\n\t\t\t\t<\/div>\n\t\t<div data-scroll=\"\" data-scroll-offset=\"20%,0\" data-scroll-speed=\"0.1\" class=\"elementor-element elementor-element-a2ecf3f yes 0.1 e-flex e-con-boxed e-con e-parent\" data-id=\"a2ecf3f\" data-element_type=\"container\" data-settings=\"{&quot;background_background&quot;:&quot;classic&quot;}\">\n\t\t\t\t\t<div class=\"e-con-inner\">\n\t\t\t\t<div class=\"elementor-element elementor-element-548ed33 elementor-widget elementor-widget-spacer\" data-id=\"548ed33\" data-element_type=\"widget\" data-widget_type=\"spacer.default\">\n\t\t\t\t<div class=\"elementor-widget-container\">\n\t\t\t\t\t\t\t<div class=\"elementor-spacer\">\n\t\t\t<div class=\"elementor-spacer-inner\"><\/div>\n\t\t<\/div>\n\t\t\t\t\t\t<\/div>\n\t\t\t\t<\/div>\n\t\t\t\t<div class=\"elementor-element elementor-element-f08a900 elementor-widget elementor-widget-ms_animated_headline\" data-id=\"f08a900\" data-element_type=\"widget\" data-widget_type=\"ms_animated_headline.default\">\n\t\t\t\t<div class=\"elementor-widget-container\">\n\t\t\t\t\t\r\n        <div class=\"ms-ah-wrapper\">\r\n            <h1 class=\"content__title\" data-splitting data-effect6 data-scroll=\"on\">\r\n            \tFish Oil            <\/h1>\r\n        <\/div>\r\n        \r\n    \t\t\t\t<\/div>\n\t\t\t\t<\/div>\n\t\t<div class=\"elementor-element elementor-element-69b7e19 e-con-full e-flex no e-con e-child\" data-id=\"69b7e19\" data-element_type=\"container\" data-settings=\"{&quot;background_background&quot;:&quot;classic&quot;}\">\n\t\t\t\t<div class=\"elementor-element elementor-element-1098e49 elementor-widget elementor-widget-text-editor\" data-id=\"1098e49\" data-element_type=\"widget\" data-widget_type=\"text-editor.default\">\n\t\t\t\t<div class=\"elementor-widget-container\">\n\t\t\t\t\t\t\t\t\t<div data-olk-copy-source=\"MessageBody\">Our fish oil stands out for its exceptional quality and versatility. Designed to meet a wide range of professional applications, it is suitable for both animal feed and industrial uses.<\/div><div data-olk-copy-source=\"MessageBody\">\u00a0<\/div><div>Our production process adheres to rigorous quality and sustainability standards, ensuring full traceability and a finished product that fully meets the expectations of our partners. This oil is a reliable solution for companies seeking responsible and high-performing raw materials.<\/div><div>\u00a0<\/div><div>With its rich composition tailored to the specific needs of the industry, our fish oil helps enhance the performance of final products while supporting an eco-friendly and environmentally responsible production model.<\/div>\t\t\t\t\t\t\t\t<\/div>\n\t\t\t\t<\/div>\n\t\t\t\t<\/div>\n\t\t\t\t<div class=\"elementor-element elementor-element-6702fb9 elementor-widget elementor-widget-spacer\" data-id=\"6702fb9\" data-element_type=\"widget\" data-widget_type=\"spacer.default\">\n\t\t\t\t<div class=\"elementor-widget-container\">\n\t\t\t\t\t\t\t<div class=\"elementor-spacer\">\n\t\t\t<div class=\"elementor-spacer-inner\"><\/div>\n\t\t<\/div>\n\t\t\t\t\t\t<\/div>\n\t\t\t\t<\/div>\n\t\t\t\t\t<\/div>\n\t\t\t\t<\/div>\n\t\t<div class=\"elementor-element elementor-element-313fa2d e-con-full e-flex no e-con e-parent\" data-id=\"313fa2d\" data-element_type=\"container\" data-settings=\"{&quot;background_background&quot;:&quot;classic&quot;}\">\n\t\t\t\t<div class=\"elementor-element elementor-element-cea3b25 elementor-widget elementor-widget-ms-hero\" data-id=\"cea3b25\" data-element_type=\"widget\" data-widget_type=\"ms-hero.default\">\n\t\t\t\t<div class=\"elementor-widget-container\">\n\t\t\t\t\t\r\n        <section class=\"ms-hero\" id=\"cea3b25\">\r\n\r\n            \r\n                            <div class=\"ms-parallax\" data-speed=\"0.8\" data-type=\"scroll\">\r\n\r\n                                            <img decoding=\"async\" class=\"jarallax-img\" src=\"https:\/\/idnafood.ma\/wp-content\/uploads\/2025\/01\/shutterstock_2543284023-scaled.jpg\" alt=\"\">\r\n                    \r\n                                    <\/div>\r\n            \r\n            \r\n                \r\n                \r\n            \r\n        <\/section>\r\n\r\n    \t\t\t\t<\/div>\n\t\t\t\t<\/div>\n\t\t\t\t<\/div>\n\t\t\t\t<\/div>","protected":false},"excerpt":{"rendered":"<p>IDNAFOOD, UNE BONNE P\u00caCHE DE PRODUITS IDNAFOOD, UNE BONNE P\u00caCHE DE PRODUITS SARDINE Notre mission est claire : offrir \u00e0 nos consommateurs des produits [&hellip;]<\/p>","protected":false},"author":1,"featured_media":0,"parent":0,"menu_order":0,"comment_status":"closed","ping_status":"closed","template":"page-custom.php","meta":{"_acf_changed":false,"footnotes":""},"class_list":["post-4965","page","type-page","status-publish","hentry"],"acf":{"choi\u0441e_menu_page":"custom_menu_page","full_width":false,"header_transparent":true,"header_white":true,"menu_type_page":"default","menu_align_page":"right"},"_links":{"self":[{"href":"https:\/\/idnafood.ma\/en\/wp-json\/wp\/v2\/pages\/4965","targetHints":{"allow":["GET"]}}],"collection":[{"href":"https:\/\/idnafood.ma\/en\/wp-json\/wp\/v2\/pages"}],"about":[{"href":"https:\/\/idnafood.ma\/en\/wp-json\/wp\/v2\/types\/page"}],"author":[{"embeddable":true,"href":"https:\/\/idnafood.ma\/en\/wp-json\/wp\/v2\/users\/1"}],"replies":[{"embeddable":true,"href":"https:\/\/idnafood.ma\/en\/wp-json\/wp\/v2\/comments?post=4965"}],"version-history":[{"count":83,"href":"https:\/\/idnafood.ma\/en\/wp-json\/wp\/v2\/pages\/4965\/revisions"}],"predecessor-version":[{"id":5751,"href":"https:\/\/idnafood.ma\/en\/wp-json\/wp\/v2\/pages\/4965\/revisions\/5751"}],"wp:attachment":[{"href":"https:\/\/idnafood.ma\/en\/wp-json\/wp\/v2\/media?parent=4965"}],"curies":[{"name":"wp","href":"https:\/\/api.w.org\/{rel}","templated":true}]}}