{"id":4964,"date":"2024-12-26T18:13:46","date_gmt":"2024-12-26T18:13:46","guid":{"rendered":"https:\/\/idnafood.ma\/?page_id=4964"},"modified":"2025-02-03T15:07:58","modified_gmt":"2025-02-03T15:07:58","slug":"a-propos","status":"publish","type":"page","link":"https:\/\/idnafood.ma\/en\/a-propos\/","title":{"rendered":"A Propos"},"content":{"rendered":"<div data-elementor-type=\"wp-page\" data-elementor-id=\"4964\" class=\"elementor elementor-4964\" data-elementor-post-type=\"page\">\n\t\t\t\t<div class=\"elementor-element elementor-element-3f21eaf6 elementor-hidden-desktop elementor-hidden-tablet e-flex e-con-boxed e-con e-parent\" data-id=\"3f21eaf6\" data-element_type=\"container\" data-settings=\"{&quot;background_background&quot;:&quot;video&quot;,&quot;background_video_link&quot;:&quot;https:\\\/\\\/idnafood.ma\\\/wp-content\\\/uploads\\\/2025\\\/01\\\/Video-sans-titre-\\u2010-Realisee-avec-Clipchamp1.mp4&quot;,&quot;background_play_on_mobile&quot;:&quot;yes&quot;}\">\n\t\t\t\t\t<div class=\"e-con-inner\">\n\t\t<div class=\"elementor-background-video-container\">\n\t\t\t\t\t\t\t<video class=\"elementor-background-video-hosted elementor-html5-video\" autoplay muted playsinline loop><\/video>\n\t\t\t\t\t<\/div>\t\t<div class=\"elementor-element elementor-element-767c00a7 elementor-widget elementor-widget-ms-hero\" data-id=\"767c00a7\" data-element_type=\"widget\" data-widget_type=\"ms-hero.default\">\n\t\t\t\t<div class=\"elementor-widget-container\">\n\t\t\t\t\t\r\n        <section class=\"ms-hero\" id=\"767c00a7\">\r\n\r\n            \r\n                            <div class=\"hero-image\"><\/div>\r\n            \r\n            \r\n                \r\n                    <div class=\"ms-hc\">\r\n                        <div class=\"ms-hc--inner\">\r\n                                                            <h1 class=\"ms-hero-title\">IDNAFOOD, <br>Cutting-Edge Equipment and Innovation<\/h1>\r\n                                                                                <\/div>\r\n                    <\/div>\r\n\r\n                \r\n                \r\n            \r\n        <\/section>\r\n\r\n    \t\t\t\t<\/div>\n\t\t\t\t<\/div>\n\t\t\t\t\t<\/div>\n\t\t\t\t<\/div>\n\t\t<div class=\"elementor-element elementor-element-68884f3 e-con-full elementor-hidden-mobile e-flex e-con e-parent\" data-id=\"68884f3\" data-element_type=\"container\" data-settings=\"{&quot;background_background&quot;:&quot;video&quot;,&quot;background_video_link&quot;:&quot;https:\\\/\\\/idnafood.ma\\\/wp-content\\\/uploads\\\/2025\\\/01\\\/Video-sans-titre-\\u2010-Realisee-avec-Clipchamp1.mp4&quot;,&quot;background_play_on_mobile&quot;:&quot;yes&quot;}\">\n\t\t<div class=\"elementor-background-video-container\">\n\t\t\t\t\t\t\t<video class=\"elementor-background-video-hosted elementor-html5-video\" autoplay muted playsinline loop><\/video>\n\t\t\t\t\t<\/div>\t\t<div class=\"elementor-element elementor-element-10abcd elementor-widget elementor-widget-ms-hero\" data-id=\"10abcd\" data-element_type=\"widget\" data-settings=\"{&quot;video_end&quot;:70}\" data-widget_type=\"ms-hero.default\">\n\t\t\t\t<div class=\"elementor-widget-container\">\n\t\t\t\t\t\r\n        <section class=\"ms-hero\" id=\"10abcd\">\r\n\r\n                            <div class=\"hero-overlay\"><\/div>\r\n            \r\n                            <div class=\"ms-parallax\" data-speed=\"0.9\" data-type=\"scroll\">\r\n\r\n                    \r\n                                            <div class=\"jarallax-img\" data-video-start-time=\"10\" data-video-end-time=\"70\" data-video-src=\"\"><\/div>\r\n                                    <\/div>\r\n            \r\n            \r\n                \r\n                    <div class=\"ms-hc\">\r\n                        <div class=\"ms-hc--inner\">\r\n                                                            <h1 class=\"ms-hero-title\">IDNAFOOD, <br>Cutting-Edge Equipment and Innovation<\/h1>\r\n                                                                                <\/div>\r\n                    <\/div>\r\n\r\n                \r\n                \r\n            \r\n        <\/section>\r\n\r\n    \t\t\t\t<\/div>\n\t\t\t\t<\/div>\n\t\t\t\t<\/div>\n\t\t<div data-scroll=\"\" data-scroll-offset=\"20%,0\" data-scroll-speed=\"0.1\" class=\"elementor-element elementor-element-8eb4bb9 yes 0.1 e-flex e-con-boxed e-con e-parent\" data-id=\"8eb4bb9\" data-element_type=\"container\" data-settings=\"{&quot;background_background&quot;:&quot;classic&quot;}\">\n\t\t\t\t\t<div class=\"e-con-inner\">\n\t\t\t\t<div class=\"elementor-element elementor-element-50fa7086 elementor-widget elementor-widget-spacer\" data-id=\"50fa7086\" data-element_type=\"widget\" data-widget_type=\"spacer.default\">\n\t\t\t\t<div class=\"elementor-widget-container\">\n\t\t\t\t\t\t\t<div class=\"elementor-spacer\">\n\t\t\t<div class=\"elementor-spacer-inner\"><\/div>\n\t\t<\/div>\n\t\t\t\t\t\t<\/div>\n\t\t\t\t<\/div>\n\t\t\t\t<div class=\"elementor-element elementor-element-4ed0202f elementor-widget elementor-widget-ms_animated_headline\" data-id=\"4ed0202f\" data-element_type=\"widget\" data-widget_type=\"ms_animated_headline.default\">\n\t\t\t\t<div class=\"elementor-widget-container\">\n\t\t\t\t\t\r\n        <div class=\"ms-ah-wrapper\">\r\n            <h1 class=\"content__title\" data-splitting data-effect6 data-scroll=\"on\">\r\n            \tPresentation of<br>\nIDNAFOOD            <\/h1>\r\n        <\/div>\r\n        \r\n    \t\t\t\t<\/div>\n\t\t\t\t<\/div>\n\t\t<div class=\"elementor-element elementor-element-4c9f27d6 e-con-full e-flex no e-con e-child\" data-id=\"4c9f27d6\" data-element_type=\"container\" data-settings=\"{&quot;background_background&quot;:&quot;classic&quot;}\">\n\t\t\t\t<div class=\"elementor-element elementor-element-cd4f7f4 elementor-widget elementor-widget-spacer\" data-id=\"cd4f7f4\" data-element_type=\"widget\" data-widget_type=\"spacer.default\">\n\t\t\t\t<div class=\"elementor-widget-container\">\n\t\t\t\t\t\t\t<div class=\"elementor-spacer\">\n\t\t\t<div class=\"elementor-spacer-inner\"><\/div>\n\t\t<\/div>\n\t\t\t\t\t\t<\/div>\n\t\t\t\t<\/div>\n\t\t\t\t<div class=\"elementor-element elementor-element-52b557a elementor-widget elementor-widget-text-editor\" data-id=\"52b557a\" data-element_type=\"widget\" data-widget_type=\"text-editor.default\">\n\t\t\t\t<div class=\"elementor-widget-container\">\n\t\t\t\t\t\t\t\t\t<div data-olk-copy-source=\"MessageBody\">Fond\u00e9e avec une vision audacieuse, IDNAFOOD s\u2019est hiss\u00e9e parmi les leaders de la production et de la distribution de conserves de poisson au Maroc. Situ\u00e9e dans la r\u00e9gion de Settat, l\u2019usine d\u2019IDNAFOOD est un v\u00e9ritable fleuron industriel, \u00e9quip\u00e9e des technologies les plus avanc\u00e9es dans le domaine de la conserverie de poissons. S\u2019\u00e9tendant sur une surface moderne et optimis\u00e9e, cette unit\u00e9 de production permet de traiter plus de 25 000 tonnes de mati\u00e8res premi\u00e8res par an pour fabriquer jusqu\u2019\u00e0 100 millions de bo\u00eetes de conserve, tout en garantissant une qualit\u00e9 irr\u00e9prochable.<\/div><div data-olk-copy-source=\"MessageBody\">\u00a0<\/div><div>One of IDNAFOOD\u2019s major strengths lies in the combination of cutting-edge technology and artisanal expertise. Despite utilizing state-of-the-art equipment, every production step benefits from the meticulous work of over 400 skilled employees. This attention to detail reflects the company\u2019s commitment to delivering exceptional canned products, where human craftsmanship plays a vital role in preserving freshness and authenticity.<\/div><div>\u00a0<\/div><div>Specializing in canned sardines, mackerel, and tuna, IDNAFOOD stands out with a diverse range of products tailored to meet market needs. The company offers precisely crafted goods in a variety of packaging options, including metal cans, glass jars, and vacuum-sealed formats.<\/div>\t\t\t\t\t\t\t\t<\/div>\n\t\t\t\t<\/div>\n\t\t\t\t<div class=\"elementor-element elementor-element-71b6f6c elementor-widget elementor-widget-spacer\" data-id=\"71b6f6c\" data-element_type=\"widget\" data-widget_type=\"spacer.default\">\n\t\t\t\t<div class=\"elementor-widget-container\">\n\t\t\t\t\t\t\t<div class=\"elementor-spacer\">\n\t\t\t<div class=\"elementor-spacer-inner\"><\/div>\n\t\t<\/div>\n\t\t\t\t\t\t<\/div>\n\t\t\t\t<\/div>\n\t\t\t\t<div class=\"elementor-element elementor-element-37d009f elementor-widget elementor-widget-gallery\" data-id=\"37d009f\" data-element_type=\"widget\" data-settings=\"{&quot;columns&quot;:2,&quot;aspect_ratio&quot;:&quot;16:9&quot;,&quot;lazyload&quot;:&quot;yes&quot;,&quot;gallery_layout&quot;:&quot;grid&quot;,&quot;columns_tablet&quot;:2,&quot;columns_mobile&quot;:1,&quot;gap&quot;:{&quot;unit&quot;:&quot;px&quot;,&quot;size&quot;:10,&quot;sizes&quot;:[]},&quot;gap_tablet&quot;:{&quot;unit&quot;:&quot;px&quot;,&quot;size&quot;:10,&quot;sizes&quot;:[]},&quot;gap_mobile&quot;:{&quot;unit&quot;:&quot;px&quot;,&quot;size&quot;:10,&quot;sizes&quot;:[]},&quot;link_to&quot;:&quot;file&quot;,&quot;overlay_background&quot;:&quot;yes&quot;,&quot;content_hover_animation&quot;:&quot;fade-in&quot;}\" data-widget_type=\"gallery.default\">\n\t\t\t\t<div class=\"elementor-widget-container\">\n\t\t\t\t\t\t\t<div class=\"elementor-gallery__container\">\n\t\t\t\t\t\t\t<a class=\"e-gallery-item elementor-gallery-item elementor-animated-content\" href=\"https:\/\/idnafood.ma\/wp-content\/uploads\/2025\/01\/IDNAFOOD_USINE_01.00_00_39_48.Still002_edited.jpg\" data-elementor-open-lightbox=\"yes\" data-elementor-lightbox-slideshow=\"37d009f\" data-elementor-lightbox-title=\"IDNAFOOD_USINE_01.00_00_39_48.Still002_edited\" data-e-action-hash=\"#elementor-action%3Aaction%3Dlightbox%26settings%3DeyJpZCI6NTY3MywidXJsIjoiaHR0cHM6XC9cL2lkbmFmb29kLm1hXC93cC1jb250ZW50XC91cGxvYWRzXC8yMDI1XC8wMVwvSUROQUZPT0RfVVNJTkVfMDEuMDBfMDBfMzlfNDguU3RpbGwwMDJfZWRpdGVkLmpwZyIsInNsaWRlc2hvdyI6IjM3ZDAwOWYifQ%3D%3D\">\n\t\t\t\t\t<div class=\"e-gallery-image elementor-gallery-item__image\" data-thumbnail=\"https:\/\/idnafood.ma\/wp-content\/uploads\/2025\/01\/IDNAFOOD_USINE_01.00_00_39_48.Still002_edited-1024x576.jpg\" data-width=\"1024\" data-height=\"576\" aria-label=\"\" role=\"img\" ><\/div>\n\t\t\t\t\t\t\t\t\t\t\t<div class=\"elementor-gallery-item__overlay\"><\/div>\n\t\t\t\t\t\t\t\t\t\t\t\t\t\t<\/a>\n\t\t\t\t\t\t\t<a class=\"e-gallery-item elementor-gallery-item elementor-animated-content\" href=\"https:\/\/idnafood.ma\/wp-content\/uploads\/2024\/12\/IDNAFOOD_CHANTIER_FINAL0-1.png\" data-elementor-open-lightbox=\"yes\" data-elementor-lightbox-slideshow=\"37d009f\" data-elementor-lightbox-title=\"IDNAFOOD_CHANTIER_FINAL0\" data-e-action-hash=\"#elementor-action%3Aaction%3Dlightbox%26settings%3DeyJpZCI6NTAxOSwidXJsIjoiaHR0cHM6XC9cL2lkbmFmb29kLm1hXC93cC1jb250ZW50XC91cGxvYWRzXC8yMDI0XC8xMlwvSUROQUZPT0RfQ0hBTlRJRVJfRklOQUwwLTEucG5nIiwic2xpZGVzaG93IjoiMzdkMDA5ZiJ9\">\n\t\t\t\t\t<div class=\"e-gallery-image elementor-gallery-item__image\" data-thumbnail=\"https:\/\/idnafood.ma\/wp-content\/uploads\/2024\/12\/IDNAFOOD_CHANTIER_FINAL0-1-1024x576.png\" data-width=\"1024\" data-height=\"576\" aria-label=\"\" role=\"img\" ><\/div>\n\t\t\t\t\t\t\t\t\t\t\t<div class=\"elementor-gallery-item__overlay\"><\/div>\n\t\t\t\t\t\t\t\t\t\t\t\t\t\t<\/a>\n\t\t\t\t\t<\/div>\n\t\t\t\t\t<\/div>\n\t\t\t\t<\/div>\n\t\t\t\t<\/div>\n\t\t\t\t\t<\/div>\n\t\t\t\t<\/div>\n\t\t\t\t<\/div>","protected":false},"excerpt":{"rendered":"<p>IDNAFOOD, DES \u00c9QUIPEMENTS \u00c0 LA POINTE DE LA TECHNOLOGIE IDNAFOOD, DES \u00c9QUIPEMENTS \u00c0 LA POINTE DE LA TECHNOLOGIE PR\u00c9SENTATION D&rsquo;IDNAFOOD Fond\u00e9e avec une vision [&hellip;]<\/p>","protected":false},"author":1,"featured_media":0,"parent":0,"menu_order":0,"comment_status":"closed","ping_status":"closed","template":"page-custom.php","meta":{"_acf_changed":false,"footnotes":""},"class_list":["post-4964","page","type-page","status-publish","hentry"],"acf":{"choi\u0441e_menu_page":"custom_menu_page","full_width":false,"header_transparent":true,"header_white":true,"menu_type_page":"default","menu_align_page":"right"},"_links":{"self":[{"href":"https:\/\/idnafood.ma\/en\/wp-json\/wp\/v2\/pages\/4964","targetHints":{"allow":["GET"]}}],"collection":[{"href":"https:\/\/idnafood.ma\/en\/wp-json\/wp\/v2\/pages"}],"about":[{"href":"https:\/\/idnafood.ma\/en\/wp-json\/wp\/v2\/types\/page"}],"author":[{"embeddable":true,"href":"https:\/\/idnafood.ma\/en\/wp-json\/wp\/v2\/users\/1"}],"replies":[{"embeddable":true,"href":"https:\/\/idnafood.ma\/en\/wp-json\/wp\/v2\/comments?post=4964"}],"version-history":[{"count":182,"href":"https:\/\/idnafood.ma\/en\/wp-json\/wp\/v2\/pages\/4964\/revisions"}],"predecessor-version":[{"id":5774,"href":"https:\/\/idnafood.ma\/en\/wp-json\/wp\/v2\/pages\/4964\/revisions\/5774"}],"wp:attachment":[{"href":"https:\/\/idnafood.ma\/en\/wp-json\/wp\/v2\/media?parent=4964"}],"curies":[{"name":"wp","href":"https:\/\/api.w.org\/{rel}","templated":true}]}}