{"id":1525,"date":"2024-02-28T15:19:33","date_gmt":"2024-02-28T12:19:33","guid":{"rendered":"https:\/\/theme.madsparrow.me\/mokko\/?page_id=1525"},"modified":"2025-02-03T15:07:18","modified_gmt":"2025-02-03T15:07:18","slug":"business-corporate","status":"publish","type":"page","link":"https:\/\/idnafood.ma\/en\/","title":{"rendered":"IDNA FOOD"},"content":{"rendered":"<div data-elementor-type=\"wp-page\" data-elementor-id=\"1525\" class=\"elementor elementor-1525\" data-elementor-post-type=\"page\">\n\t\t\t\t<div class=\"elementor-element elementor-element-033fa56 elementor-hidden-desktop elementor-hidden-tablet e-flex e-con-boxed e-con e-parent\" data-id=\"033fa56\" data-element_type=\"container\" data-settings=\"{&quot;background_background&quot;:&quot;video&quot;,&quot;background_video_link&quot;:&quot;https:\\\/\\\/idnafood.ma\\\/wp-content\\\/uploads\\\/2025\\\/01\\\/VideoAceuille-2-\\u2010-Realisee-avec-Clipchamp1.mp4&quot;,&quot;background_play_on_mobile&quot;:&quot;yes&quot;}\">\n\t\t\t\t\t<div class=\"e-con-inner\">\n\t\t<div class=\"elementor-background-video-container\">\n\t\t\t\t\t\t\t<video class=\"elementor-background-video-hosted elementor-html5-video\" autoplay muted playsinline loop><\/video>\n\t\t\t\t\t<\/div>\t\t<div class=\"elementor-element elementor-element-1eec952 elementor-widget elementor-widget-ms-hero\" data-id=\"1eec952\" data-element_type=\"widget\" data-widget_type=\"ms-hero.default\">\n\t\t\t\t<div class=\"elementor-widget-container\">\n\t\t\t\t\t\r\n        <section class=\"ms-hero\" id=\"1eec952\">\r\n\r\n            \r\n                            <div class=\"hero-image\"><\/div>\r\n            \r\n            \r\n                \r\n                    <div class=\"ms-hc\">\r\n                        <div class=\"ms-hc--inner\">\r\n                                                            <h1 class=\"ms-hero-title\">idnafood,<br> The art of preserving the natural<\/h1>\r\n                                                                                <\/div>\r\n                    <\/div>\r\n\r\n                \r\n                \r\n            \r\n        <\/section>\r\n\r\n    \t\t\t\t<\/div>\n\t\t\t\t<\/div>\n\t\t\t\t\t<\/div>\n\t\t\t\t<\/div>\n\t\t<div class=\"elementor-element elementor-element-63cbebc e-con-full elementor-hidden-mobile e-flex e-con e-parent\" data-id=\"63cbebc\" data-element_type=\"container\" data-settings=\"{&quot;background_background&quot;:&quot;video&quot;,&quot;background_video_link&quot;:&quot;https:\\\/\\\/idnafood.ma\\\/wp-content\\\/uploads\\\/2025\\\/01\\\/VideoAceuille-2-\\u2010-Realisee-avec-Clipchamp1.mp4&quot;,&quot;background_play_on_mobile&quot;:&quot;yes&quot;}\">\n\t\t<div class=\"elementor-background-video-container\">\n\t\t\t\t\t\t\t<video class=\"elementor-background-video-hosted elementor-html5-video\" autoplay muted playsinline loop><\/video>\n\t\t\t\t\t<\/div>\t\t<div class=\"elementor-element elementor-element-5869345 elementor-widget elementor-widget-ms-hero\" data-id=\"5869345\" data-element_type=\"widget\" data-settings=\"{&quot;video_end&quot;:70}\" data-widget_type=\"ms-hero.default\">\n\t\t\t\t<div class=\"elementor-widget-container\">\n\t\t\t\t\t\r\n        <section class=\"ms-hero\" id=\"5869345\">\r\n\r\n                            <div class=\"hero-overlay\"><\/div>\r\n            \r\n                            <div class=\"ms-parallax\" data-speed=\"0.9\" data-type=\"scroll\">\r\n\r\n                    \r\n                                            <div class=\"jarallax-img\" data-video-start-time=\"10\" data-video-end-time=\"70\" data-video-src=\"\"><\/div>\r\n                                    <\/div>\r\n            \r\n            \r\n                \r\n                    <div class=\"ms-hc\">\r\n                        <div class=\"ms-hc--inner\">\r\n                                                            <h1 class=\"ms-hero-title\">idnafood,<br> The art of preserving the natural<\/h1>\r\n                                                                                <\/div>\r\n                    <\/div>\r\n\r\n                \r\n                \r\n            \r\n        <\/section>\r\n\r\n    \t\t\t\t<\/div>\n\t\t\t\t<\/div>\n\t\t\t\t<\/div>\n\t\t<div data-scroll=\"\" data-scroll-offset=\"20%,0\" data-scroll-speed=\"0.1\" class=\"elementor-element elementor-element-db7f3fa yes 0.1 e-flex e-con-boxed e-con e-parent\" data-id=\"db7f3fa\" data-element_type=\"container\" data-settings=\"{&quot;background_background&quot;:&quot;classic&quot;}\">\n\t\t\t\t\t<div class=\"e-con-inner\">\n\t\t\t\t<div class=\"elementor-element elementor-element-d9c6765 elementor-widget elementor-widget-spacer\" data-id=\"d9c6765\" data-element_type=\"widget\" data-widget_type=\"spacer.default\">\n\t\t\t\t<div class=\"elementor-widget-container\">\n\t\t\t\t\t\t\t<div class=\"elementor-spacer\">\n\t\t\t<div class=\"elementor-spacer-inner\"><\/div>\n\t\t<\/div>\n\t\t\t\t\t\t<\/div>\n\t\t\t\t<\/div>\n\t\t<div class=\"elementor-element elementor-element-0f4734a e-con-full e-flex no e-con e-child\" data-id=\"0f4734a\" data-element_type=\"container\">\n\t\t\t\t<div class=\"elementor-element elementor-element-2d6c255 elementor-widget elementor-widget-ms_animated_headline\" data-id=\"2d6c255\" data-element_type=\"widget\" data-widget_type=\"ms_animated_headline.default\">\n\t\t\t\t<div class=\"elementor-widget-container\">\n\t\t\t\t\t\r\n        <div class=\"ms-ah-wrapper\">\r\n            <h1 class=\"content__title\" data-splitting data-effect6 data-scroll=\"on\">\r\n            \tIntroduction            <\/h1>\r\n        <\/div>\r\n        \r\n    \t\t\t\t<\/div>\n\t\t\t\t<\/div>\n\t\t\t\t<div class=\"elementor-element elementor-element-b150c9a elementor-widget elementor-widget-text-editor\" data-id=\"b150c9a\" data-element_type=\"widget\" data-widget_type=\"text-editor.default\">\n\t\t\t\t<div class=\"elementor-widget-container\">\n\t\t\t\t\t\t\t\t\t<p>Since its creation, our company, IDNAFOOD, has always pursued a clear goal: to offer products of exceptional quality while preserving the natural resources of our country. By adopting sustainable exploitation practices, IDNAFOOD embodies a commitment to innovation, quality, and adherence to the strictest international standards.<\/p><p>Its expertise is built on years of experience and unique know-how, enabling it to meet the diverse needs of its clients. Whether you are a professional in the food industry, a distributor, or an end consumer, IDNAFOOD is dedicated to delivering products that combine flavor, safety, and environmental responsibility.<\/p><p>By exploring our website, you will have the opportunity to discover our products, our production processes, and, above all, our teams, whose guiding principle is always to create the best.<\/p><p>The strength of IDNAFOOD lies in our unwavering commitment to our partners at all levels, with a special focus on environmental preservation.<\/p>\t\t\t\t\t\t\t\t<\/div>\n\t\t\t\t<\/div>\n\t\t\t\t<div class=\"elementor-element elementor-element-a710801 elementor-hidden-mobile elementor-widget elementor-widget-spacer\" data-id=\"a710801\" data-element_type=\"widget\" data-widget_type=\"spacer.default\">\n\t\t\t\t<div class=\"elementor-widget-container\">\n\t\t\t\t\t\t\t<div class=\"elementor-spacer\">\n\t\t\t<div class=\"elementor-spacer-inner\"><\/div>\n\t\t<\/div>\n\t\t\t\t\t\t<\/div>\n\t\t\t\t<\/div>\n\t\t\t\t<\/div>\n\t\t<div class=\"elementor-element elementor-element-7298231 e-con-full e-flex no e-con e-child\" data-id=\"7298231\" data-element_type=\"container\" data-settings=\"{&quot;background_background&quot;:&quot;classic&quot;}\">\n\t\t\t\t<div class=\"elementor-element elementor-element-f16c0ca elementor-widget elementor-widget-image\" data-id=\"f16c0ca\" data-element_type=\"widget\" data-widget_type=\"image.default\">\n\t\t\t\t<div class=\"elementor-widget-container\">\n\t\t\t\t\t\t\t\t\t\t\t\t\t\t\t<img decoding=\"async\" src=\"https:\/\/idnafood.ma\/wp-content\/uploads\/2024\/12\/Poisons_1_Plan-de-travail-1-e1735237491414.png\" title=\"Poisons_1_Plan de travail 1\" alt=\"Poisons_1_Plan de travail 1\" loading=\"lazy\" \/>\t\t\t\t\t\t\t\t\t\t\t\t\t\t\t<\/div>\n\t\t\t\t<\/div>\n\t\t\t\t<\/div>\n\t\t\t\t\t<\/div>\n\t\t\t\t<\/div>\n\t\t<div class=\"elementor-element elementor-element-9ac6fa1 e-con-full e-flex no e-con e-parent\" data-id=\"9ac6fa1\" data-element_type=\"container\" data-settings=\"{&quot;background_background&quot;:&quot;classic&quot;}\">\n\t\t\t\t<div class=\"elementor-element elementor-element-e0f3487 elementor-widget elementor-widget-ms-hero\" data-id=\"e0f3487\" data-element_type=\"widget\" data-widget_type=\"ms-hero.default\">\n\t\t\t\t<div class=\"elementor-widget-container\">\n\t\t\t\t\t\r\n        <section class=\"ms-hero\" id=\"e0f3487\">\r\n\r\n            \r\n                            <div class=\"ms-parallax\" data-speed=\"0.8\" data-type=\"scroll\">\r\n\r\n                                            <img decoding=\"async\" class=\"jarallax-img\" src=\"https:\/\/idnafood.ma\/wp-content\/uploads\/2025\/01\/horizon-scaled.jpg\" alt=\"\">\r\n                    \r\n                                    <\/div>\r\n            \r\n            \r\n                \r\n                    <div class=\"ms-hc\">\r\n                        <div class=\"ms-hc--inner\">\r\n                                                            <h1 class=\"ms-hero-title\">idnafood,<br>a handcrafted taste<\/h1>\r\n                                                                                <\/div>\r\n                    <\/div>\r\n\r\n                \r\n                \r\n            \r\n        <\/section>\r\n\r\n    \t\t\t\t<\/div>\n\t\t\t\t<\/div>\n\t\t\t\t<\/div>\n\t\t<div data-scroll=\"\" data-scroll-offset=\"20%,0\" data-scroll-speed=\"0.1\" class=\"elementor-element elementor-element-bc5a621 yes 0.1 e-flex e-con-boxed e-con e-parent\" data-id=\"bc5a621\" data-element_type=\"container\" data-settings=\"{&quot;background_background&quot;:&quot;classic&quot;}\">\n\t\t\t\t\t<div class=\"e-con-inner\">\n\t\t\t\t<div class=\"elementor-element elementor-element-7a9e3ad elementor-widget elementor-widget-spacer\" data-id=\"7a9e3ad\" data-element_type=\"widget\" data-widget_type=\"spacer.default\">\n\t\t\t\t<div class=\"elementor-widget-container\">\n\t\t\t\t\t\t\t<div class=\"elementor-spacer\">\n\t\t\t<div class=\"elementor-spacer-inner\"><\/div>\n\t\t<\/div>\n\t\t\t\t\t\t<\/div>\n\t\t\t\t<\/div>\n\t\t\t\t<div class=\"elementor-element elementor-element-c7fef60 elementor-widget elementor-widget-ms_animated_headline\" data-id=\"c7fef60\" data-element_type=\"widget\" data-widget_type=\"ms_animated_headline.default\">\n\t\t\t\t<div class=\"elementor-widget-container\">\n\t\t\t\t\t\r\n        <div class=\"ms-ah-wrapper\">\r\n            <h1 class=\"content__title\" data-splitting data-effect6 data-scroll=\"on\">\r\n            \tA Message from the President            <\/h1>\r\n        <\/div>\r\n        \r\n    \t\t\t\t<\/div>\n\t\t\t\t<\/div>\n\t\t\t\t<div class=\"elementor-element elementor-element-f6881ee elementor-hidden-mobile elementor-widget elementor-widget-spacer\" data-id=\"f6881ee\" data-element_type=\"widget\" data-widget_type=\"spacer.default\">\n\t\t\t\t<div class=\"elementor-widget-container\">\n\t\t\t\t\t\t\t<div class=\"elementor-spacer\">\n\t\t\t<div class=\"elementor-spacer-inner\"><\/div>\n\t\t<\/div>\n\t\t\t\t\t\t<\/div>\n\t\t\t\t<\/div>\n\t\t<div class=\"elementor-element elementor-element-50d1f4b e-con-full e-flex no e-con e-child\" data-id=\"50d1f4b\" data-element_type=\"container\">\n\t\t\t\t<div class=\"elementor-element elementor-element-553904b elementor-widget elementor-widget-text-editor\" data-id=\"553904b\" data-element_type=\"widget\" data-widget_type=\"text-editor.default\">\n\t\t\t\t<div class=\"elementor-widget-container\">\n\t\t\t\t\t\t\t\t\t<p>Bienvenue chez IDNAFOOD, notre entreprise de transformation et de conserverie de poissons. Depuis toujours, nous nous sommes fix\u00e9 un seul objectif : offrir le meilleur produit \u00e0 nos clients ! Cet engagement, pr\u00e9sent dans l\u2019esprit de tout un chacun des membres de nos \u00e9quipes, fait partie de l\u2019ADN d\u2019IDNAFOOD.<\/p><p>Our purpose here is not to detail our manufacturing processes or quality control methods\u2014these you will have the opportunity to explore while browsing\u2014but rather to explain the origin of this commitment.<\/p><p>First, our family tradition of producing seafood for over 40 years has provided us with unparalleled experience in the market. Second, the moral values inherited from our elders ensure that every product we offer is a promise\u2014a pledge to our consumers. And a promise must always be honored!<\/p><p>This deep attachment to our reputation and tradition does not, in any way, mean that we neglect leveraging the latest technological innovations to meet the highest global standards in our sector.<\/p><p>Finally, I must extend my gratitude to our teams in general, and our production teams in particular, who enable us to maintain the outstanding quality of our products.<\/p><p><span data-olk-copy-source=\"MessageBody\">\u00c0 eux et \u00e0 toute les \u00e9quipes<\/span> : Un Grand Merci !<\/p><p>Mr. IDHALI Najem<\/p>\t\t\t\t\t\t\t\t<\/div>\n\t\t\t\t<\/div>\n\t\t\t\t<div class=\"elementor-element elementor-element-37934bb elementor-widget elementor-widget-spacer\" data-id=\"37934bb\" data-element_type=\"widget\" data-widget_type=\"spacer.default\">\n\t\t\t\t<div class=\"elementor-widget-container\">\n\t\t\t\t\t\t\t<div class=\"elementor-spacer\">\n\t\t\t<div class=\"elementor-spacer-inner\"><\/div>\n\t\t<\/div>\n\t\t\t\t\t\t<\/div>\n\t\t\t\t<\/div>\n\t\t\t\t<\/div>\n\t\t\t\t\t<\/div>\n\t\t\t\t<\/div>\n\t\t\t\t<\/div>","protected":false},"excerpt":{"rendered":"<p>idnafood, l&rsquo;art de conserver le naturel idnafood, l&rsquo;art de conserver le naturel Introduction Depuis sa cr\u00e9ation, notre entreprise IDNAFOOD a toujours poursuivi un objectif [&hellip;]<\/p>","protected":false},"author":1,"featured_media":0,"parent":0,"menu_order":0,"comment_status":"closed","ping_status":"closed","template":"page-custom.php","meta":{"_acf_changed":false,"footnotes":""},"class_list":["post-1525","page","type-page","status-publish","hentry"],"acf":{"choi\u0441e_menu_page":"custom_menu_page","full_width":false,"header_transparent":true,"header_white":true,"menu_type_page":"default","menu_align_page":"right"},"_links":{"self":[{"href":"https:\/\/idnafood.ma\/en\/wp-json\/wp\/v2\/pages\/1525","targetHints":{"allow":["GET"]}}],"collection":[{"href":"https:\/\/idnafood.ma\/en\/wp-json\/wp\/v2\/pages"}],"about":[{"href":"https:\/\/idnafood.ma\/en\/wp-json\/wp\/v2\/types\/page"}],"author":[{"embeddable":true,"href":"https:\/\/idnafood.ma\/en\/wp-json\/wp\/v2\/users\/1"}],"replies":[{"embeddable":true,"href":"https:\/\/idnafood.ma\/en\/wp-json\/wp\/v2\/comments?post=1525"}],"version-history":[{"count":138,"href":"https:\/\/idnafood.ma\/en\/wp-json\/wp\/v2\/pages\/1525\/revisions"}],"predecessor-version":[{"id":5771,"href":"https:\/\/idnafood.ma\/en\/wp-json\/wp\/v2\/pages\/1525\/revisions\/5771"}],"wp:attachment":[{"href":"https:\/\/idnafood.ma\/en\/wp-json\/wp\/v2\/media?parent=1525"}],"curies":[{"name":"wp","href":"https:\/\/api.w.org\/{rel}","templated":true}]}}